{"id":10155,"date":"2026-03-07T00:06:08","date_gmt":"2026-03-06T23:06:08","guid":{"rendered":"https:\/\/www.hoteliaccarino.eu\/es\/?page_id=10155"},"modified":"2026-03-07T00:06:08","modified_gmt":"2026-03-06T23:06:08","slug":"unser-gartenhotel-iaccarino-in-santagata-sui-due-golfi","status":"publish","type":"page","link":"https:\/\/www.hoteliaccarino.eu\/es\/unser-gartenhotel-iaccarino-in-santagata-sui-due-golfi\/","title":{"rendered":"il nostro orto DE"},"content":{"rendered":"\t\t<div data-elementor-type=\"wp-page\" data-elementor-id=\"10155\" class=\"elementor elementor-10155\" data-elementor-settings=\"[]\">\n\t\t\t\t\t\t\t<div class=\"elementor-section-wrap\">\n\t\t\t\t\t\t\t<section class=\"elementor-section elementor-top-section elementor-element elementor-element-18dc1a6 elementor-section-full_width elementor-section-content-top elementor-section-stretched elementor-section-height-default elementor-section-height-default\" data-id=\"18dc1a6\" data-element_type=\"section\" data-settings=\"{&quot;stretch_section&quot;:&quot;section-stretched&quot;,&quot;hoteller_ext_is_background_parallax&quot;:&quot;false&quot;,&quot;hoteller_ext_is_background_on_scroll&quot;:&quot;false&quot;}\">\n\t\t\t\t\t\t<div class=\"elementor-container elementor-column-gap-default\">\n\t\t\t\t\t<div class=\"elementor-column elementor-col-100 elementor-top-column elementor-element elementor-element-53971af3\" data-id=\"53971af3\" data-element_type=\"column\" data-settings=\"{&quot;hoteller_ext_is_scrollme&quot;:&quot;false&quot;,&quot;hoteller_ext_is_smoove&quot;:&quot;false&quot;,&quot;hoteller_ext_is_parallax_mouse&quot;:&quot;false&quot;,&quot;hoteller_ext_is_infinite&quot;:&quot;false&quot;,&quot;hoteller_ext_is_fadeout_animation&quot;:&quot;false&quot;}\">\n\t\t\t<div class=\"elementor-widget-wrap elementor-element-populated\">\n\t\t\t\t\t\t\t\t<div class=\"elementor-element elementor-element-4b18f1b3 elementor-widget elementor-widget-hoteller-slider-parallax\" data-id=\"4b18f1b3\" data-element_type=\"widget\" data-settings=\"{&quot;hoteller_ext_is_scrollme&quot;:&quot;false&quot;,&quot;hoteller_ext_is_smoove&quot;:&quot;false&quot;,&quot;hoteller_ext_is_parallax_mouse&quot;:&quot;false&quot;,&quot;hoteller_ext_is_infinite&quot;:&quot;false&quot;,&quot;hoteller_ext_is_fadeout_animation&quot;:&quot;false&quot;}\" data-widget_type=\"hoteller-slider-parallax.default\">\n\t\t\t\t<div class=\"elementor-widget-container\">\n\t\t\t<div class=\"slider_parallax_wrapper\" data-autoplay=\"5000\" data-pagination=\"0\" data-navigation=\"0\">\n\t<div class=\"slider_parallax_inner\">\n\t\t<div class=\"slider_parallax_slides\">\n\t\t\t\t\t\t<div class=\"slide is-active \">\n\t\t          \t<div class=\"slide-content\">\n\t\t            \t<div class=\"caption\">\n\t\t\t\t\t\t\t<div class=\"title\"><h2>Our farm-to-table garden<\/h2><\/div>\n\t\t\t\t\t\t\t<div class=\"text\">\n\t\t                \t\t\t\t              \t\t<\/div> \n\t\t\t                \t\t            \t<\/div>\n\t\t          \t<\/div>\n\t\t\t\t  \t<div class=\"image-container\"> \n\t\t            \t<img decoding=\"async\" src=\"https:\/\/www.hoteliaccarino.eu\/es\/wp-content\/uploads\/2026\/03\/Foto_hotel_iaccarino_a_sant_agata_sui_due_golfi_il_nostro_orto_4.jpg\" alt=\"\" class=\"image\" \/>\n\t\t          \t<\/div>\n\t\t        <\/div>\n\t\t\t\t<\/div>\n\t\t\t    \t<\/div>\n<\/div>\n\t\t<\/div>\n\t\t\t\t<\/div>\n\t\t\t\t\t<\/div>\n\t\t<\/div>\n\t\t\t\t\t\t\t<\/div>\n\t\t<\/section>\n\t\t\t\t<section class=\"elementor-section elementor-top-section elementor-element elementor-element-188dff2b elementor-section-boxed elementor-section-height-default elementor-section-height-default\" data-id=\"188dff2b\" data-element_type=\"section\" data-settings=\"{&quot;hoteller_ext_is_background_parallax&quot;:&quot;false&quot;,&quot;hoteller_ext_is_background_on_scroll&quot;:&quot;false&quot;}\">\n\t\t\t\t\t\t<div class=\"elementor-container elementor-column-gap-default\">\n\t\t\t\t\t<div class=\"elementor-column elementor-col-50 elementor-top-column elementor-element elementor-element-2b51f4a9\" data-id=\"2b51f4a9\" data-element_type=\"column\" data-settings=\"{&quot;hoteller_ext_is_scrollme&quot;:&quot;false&quot;,&quot;hoteller_ext_is_smoove&quot;:&quot;false&quot;,&quot;hoteller_ext_is_parallax_mouse&quot;:&quot;false&quot;,&quot;hoteller_ext_is_infinite&quot;:&quot;false&quot;,&quot;hoteller_ext_is_fadeout_animation&quot;:&quot;false&quot;}\">\n\t\t\t<div class=\"elementor-widget-wrap elementor-element-populated\">\n\t\t\t\t\t\t\t\t<div class=\"elementor-element elementor-element-2686a67d elementor-widget elementor-widget-image\" data-id=\"2686a67d\" data-element_type=\"widget\" data-settings=\"{&quot;hoteller_image_is_animation&quot;:&quot;false&quot;,&quot;hoteller_ext_is_scrollme&quot;:&quot;false&quot;,&quot;hoteller_ext_is_smoove&quot;:&quot;false&quot;,&quot;hoteller_ext_is_parallax_mouse&quot;:&quot;false&quot;,&quot;hoteller_ext_is_infinite&quot;:&quot;false&quot;,&quot;hoteller_ext_is_fadeout_animation&quot;:&quot;false&quot;}\" data-widget_type=\"image.default\">\n\t\t\t\t<div class=\"elementor-widget-container\">\n\t\t\t\t\t\t\t\t\t\t\t\t\t\t\t<img loading=\"lazy\" decoding=\"async\" width=\"600\" height=\"900\" src=\"https:\/\/www.hoteliaccarino.eu\/es\/wp-content\/uploads\/2026\/03\/Foto_hotel_iaccarino_a_sant_agata_sui_due_golfi_il_nostro_orto_1.jpg\" class=\"attachment-full size-full\" alt=\"\" \/>\t\t\t\t\t\t\t\t\t\t\t\t\t\t\t<\/div>\n\t\t\t\t<\/div>\n\t\t\t\t\t<\/div>\n\t\t<\/div>\n\t\t\t\t<div class=\"elementor-column elementor-col-50 elementor-top-column elementor-element elementor-element-66db6e45\" data-id=\"66db6e45\" data-element_type=\"column\" data-settings=\"{&quot;hoteller_ext_is_scrollme&quot;:&quot;false&quot;,&quot;hoteller_ext_is_smoove&quot;:&quot;false&quot;,&quot;hoteller_ext_is_parallax_mouse&quot;:&quot;false&quot;,&quot;hoteller_ext_is_infinite&quot;:&quot;false&quot;,&quot;hoteller_ext_is_fadeout_animation&quot;:&quot;false&quot;}\">\n\t\t\t<div class=\"elementor-widget-wrap elementor-element-populated\">\n\t\t\t\t\t\t\t\t<div class=\"elementor-element elementor-element-25880f56 elementor-invisible elementor-widget elementor-widget-heading\" data-id=\"25880f56\" data-element_type=\"widget\" data-settings=\"{&quot;_animation&quot;:&quot;fadeInUp&quot;,&quot;hoteller_ext_is_scrollme&quot;:&quot;false&quot;,&quot;hoteller_ext_is_smoove&quot;:&quot;false&quot;,&quot;hoteller_ext_is_parallax_mouse&quot;:&quot;false&quot;,&quot;hoteller_ext_is_infinite&quot;:&quot;false&quot;,&quot;hoteller_ext_is_fadeout_animation&quot;:&quot;false&quot;}\" data-widget_type=\"heading.default\">\n\t\t\t\t<div class=\"elementor-widget-container\">\n\t\t\t<h2 class=\"elementor-heading-title elementor-size-default\">Our farm-to-table garden<\/h2>\t\t<\/div>\n\t\t\t\t<\/div>\n\t\t\t\t<div class=\"elementor-element elementor-element-df3de42 elementor-invisible elementor-widget elementor-widget-text-editor\" data-id=\"df3de42\" data-element_type=\"widget\" data-settings=\"{&quot;_animation&quot;:&quot;fadeInUp&quot;,&quot;_animation_delay&quot;:100,&quot;hoteller_ext_is_scrollme&quot;:&quot;false&quot;,&quot;hoteller_ext_is_smoove&quot;:&quot;false&quot;,&quot;hoteller_ext_is_parallax_mouse&quot;:&quot;false&quot;,&quot;hoteller_ext_is_infinite&quot;:&quot;false&quot;,&quot;hoteller_ext_is_fadeout_animation&quot;:&quot;false&quot;}\" data-widget_type=\"text-editor.default\">\n\t\t\t\t<div class=\"elementor-widget-container\">\n\t\t\t\t\t\t\t<p>Within our property lies our garden, a space lovingly tended where we grow seasonal fruit, vegetables, and aromatic herbs. Many of the ingredients used in our kitchen are harvested here daily, ensuring fresh, genuine, zero-kilometre products that reflect our commitment to quality and sustainability.<\/p><p>Guests are welcome to join a guided tour of the garden, an authentic experience that offers a closer look at our philosophy, our respect for nature, and our deep connection to the land.<\/p>\t\t\t\t\t\t<\/div>\n\t\t\t\t<\/div>\n\t\t\t\t<div class=\"elementor-element elementor-element-5fa6948f elementor-invisible elementor-widget elementor-widget-text-editor\" data-id=\"5fa6948f\" data-element_type=\"widget\" data-settings=\"{&quot;_animation&quot;:&quot;fadeInUp&quot;,&quot;_animation_delay&quot;:200,&quot;hoteller_ext_is_scrollme&quot;:&quot;false&quot;,&quot;hoteller_ext_is_smoove&quot;:&quot;false&quot;,&quot;hoteller_ext_is_parallax_mouse&quot;:&quot;false&quot;,&quot;hoteller_ext_is_infinite&quot;:&quot;false&quot;,&quot;hoteller_ext_is_fadeout_animation&quot;:&quot;false&quot;}\" data-widget_type=\"text-editor.default\">\n\t\t\t\t<div class=\"elementor-widget-container\">\n\t\t\t\t\t\t\t\t\t\t\t\t\t<\/div>\n\t\t\t\t<\/div>\n\t\t\t\t\t<\/div>\n\t\t<\/div>\n\t\t\t\t\t\t\t<\/div>\n\t\t<\/section>\n\t\t\t\t<section class=\"elementor-section elementor-top-section elementor-element elementor-element-7d70e4ba elementor-section-boxed elementor-section-height-default elementor-section-height-default\" data-id=\"7d70e4ba\" data-element_type=\"section\" data-settings=\"{&quot;hoteller_ext_is_background_parallax&quot;:&quot;false&quot;,&quot;hoteller_ext_is_background_on_scroll&quot;:&quot;false&quot;}\">\n\t\t\t\t\t\t<div class=\"elementor-container elementor-column-gap-default\">\n\t\t\t\t\t<div class=\"elementor-column elementor-col-50 elementor-top-column elementor-element elementor-element-20ff7092\" data-id=\"20ff7092\" data-element_type=\"column\" data-settings=\"{&quot;hoteller_ext_is_scrollme&quot;:&quot;false&quot;,&quot;hoteller_ext_is_smoove&quot;:&quot;false&quot;,&quot;hoteller_ext_is_parallax_mouse&quot;:&quot;false&quot;,&quot;hoteller_ext_is_infinite&quot;:&quot;false&quot;,&quot;hoteller_ext_is_fadeout_animation&quot;:&quot;false&quot;}\">\n\t\t\t<div class=\"elementor-widget-wrap elementor-element-populated\">\n\t\t\t\t\t\t\t\t<div class=\"elementor-element elementor-element-439386bb elementor-invisible elementor-widget elementor-widget-image\" data-id=\"439386bb\" data-element_type=\"widget\" data-settings=\"{&quot;_animation&quot;:&quot;fadeInUp&quot;,&quot;_animation_delay&quot;:200,&quot;hoteller_image_is_animation&quot;:&quot;false&quot;,&quot;hoteller_ext_is_scrollme&quot;:&quot;false&quot;,&quot;hoteller_ext_is_smoove&quot;:&quot;false&quot;,&quot;hoteller_ext_is_parallax_mouse&quot;:&quot;false&quot;,&quot;hoteller_ext_is_infinite&quot;:&quot;false&quot;,&quot;hoteller_ext_is_fadeout_animation&quot;:&quot;false&quot;}\" data-widget_type=\"image.default\">\n\t\t\t\t<div class=\"elementor-widget-container\">\n\t\t\t\t\t\t\t\t\t\t\t\t\t\t\t<img loading=\"lazy\" decoding=\"async\" width=\"600\" height=\"900\" src=\"https:\/\/www.hoteliaccarino.eu\/es\/wp-content\/uploads\/2026\/03\/Foto_hotel_iaccarino_a_sant_agata_sui_due_golfi_il_nostro_orto_3.jpg\" class=\"attachment-full size-full\" alt=\"\" \/>\t\t\t\t\t\t\t\t\t\t\t\t\t\t\t<\/div>\n\t\t\t\t<\/div>\n\t\t\t\t\t<\/div>\n\t\t<\/div>\n\t\t\t\t<div class=\"elementor-column elementor-col-50 elementor-top-column elementor-element elementor-element-12c13bd1\" data-id=\"12c13bd1\" data-element_type=\"column\" data-settings=\"{&quot;hoteller_ext_is_scrollme&quot;:&quot;false&quot;,&quot;hoteller_ext_is_smoove&quot;:&quot;false&quot;,&quot;hoteller_ext_is_parallax_mouse&quot;:&quot;false&quot;,&quot;hoteller_ext_is_infinite&quot;:&quot;false&quot;,&quot;hoteller_ext_is_fadeout_animation&quot;:&quot;false&quot;}\">\n\t\t\t<div class=\"elementor-widget-wrap elementor-element-populated\">\n\t\t\t\t\t\t\t\t<div class=\"elementor-element elementor-element-46b73332 elementor-invisible elementor-widget elementor-widget-image\" data-id=\"46b73332\" data-element_type=\"widget\" data-settings=\"{&quot;_animation&quot;:&quot;fadeInUp&quot;,&quot;_animation_delay&quot;:200,&quot;hoteller_image_is_animation&quot;:&quot;false&quot;,&quot;hoteller_ext_is_scrollme&quot;:&quot;false&quot;,&quot;hoteller_ext_is_smoove&quot;:&quot;false&quot;,&quot;hoteller_ext_is_parallax_mouse&quot;:&quot;false&quot;,&quot;hoteller_ext_is_infinite&quot;:&quot;false&quot;,&quot;hoteller_ext_is_fadeout_animation&quot;:&quot;false&quot;}\" data-widget_type=\"image.default\">\n\t\t\t\t<div class=\"elementor-widget-container\">\n\t\t\t\t\t\t\t\t\t\t\t\t\t\t\t<img loading=\"lazy\" decoding=\"async\" width=\"600\" height=\"900\" src=\"https:\/\/www.hoteliaccarino.eu\/es\/wp-content\/uploads\/2026\/03\/Foto_hotel_iaccarino_a_sant_agata_sui_due_golfi_il_nostro_orto_2.jpg\" class=\"attachment-full size-full\" alt=\"\" \/>\t\t\t\t\t\t\t\t\t\t\t\t\t\t\t<\/div>\n\t\t\t\t<\/div>\n\t\t\t\t\t<\/div>\n\t\t<\/div>\n\t\t\t\t\t\t\t<\/div>\n\t\t<\/section>\n\t\t\t\t\t\t<\/div>\n\t\t\t\t\t<\/div>\n\t\t","protected":false},"excerpt":{"rendered":"<p>Our farm-to-table garden Our farm-to-table garden Within our property lies our garden, a space lovingly tended where we grow seasonal fruit, vegetables, and aromatic herbs. Many of the ingredients used in our kitchen are harvested here daily, ensuring fresh, genuine, [&hellip;]<\/p>\n","protected":false},"author":1,"featured_media":10122,"parent":0,"menu_order":0,"comment_status":"closed","ping_status":"closed","template":"","meta":{"footnotes":""},"class_list":["post-10155","page","type-page","status-publish","has-post-thumbnail","hentry"],"yoast_head":"<!-- This site is optimized with the Yoast SEO plugin v25.0 - https:\/\/yoast.com\/wordpress\/plugins\/seo\/ -->\n<title>Nuestro Hotel Jard\u00edn Jaccarino | Sant Agata | Hotel de 4 estrellas<\/title>\n<meta name=\"description\" content=\"Nuestro Hotel Jard\u00edn Jaccarino | Sant Agata. Un espacio cuidado con cari\u00f1o donde cultivamos frutas y verduras de temporada.\" \/>\n<meta name=\"robots\" content=\"index, follow, max-snippet:-1, max-image-preview:large, max-video-preview:-1\" \/>\n<link rel=\"canonical\" href=\"https:\/\/www.hoteliaccarino.eu\/es\/unser-gartenhotel-iaccarino-in-santagata-sui-due-golfi\/\" \/>\n<meta property=\"og:locale\" content=\"it_IT\" \/>\n<meta property=\"og:type\" content=\"article\" \/>\n<meta property=\"og:title\" content=\"Nuestro Hotel Jard\u00edn Jaccarino | Sant Agata | Hotel de 4 estrellas\" \/>\n<meta property=\"og:description\" content=\"Nuestro Hotel Jard\u00edn Jaccarino | Sant Agata. Un espacio cuidado con cari\u00f1o donde cultivamos frutas y verduras de temporada.\" \/>\n<meta property=\"og:url\" content=\"https:\/\/www.hoteliaccarino.eu\/es\/unser-gartenhotel-iaccarino-in-santagata-sui-due-golfi\/\" \/>\n<meta property=\"og:site_name\" content=\"Hotel Iaccarino\" \/>\n<meta property=\"og:image\" content=\"https:\/\/www.hoteliaccarino.eu\/es\/wp-content\/uploads\/2026\/03\/Foto_hotel_iaccarino_a_sant_agata_sui_due_golfi_il_nostro_orto_4.jpg\" \/>\n\t<meta property=\"og:image:width\" content=\"1200\" \/>\n\t<meta property=\"og:image:height\" content=\"800\" \/>\n\t<meta property=\"og:image:type\" content=\"image\/jpeg\" \/>\n<meta name=\"twitter:card\" content=\"summary_large_image\" \/>\n<meta name=\"twitter:label1\" content=\"Tempo di lettura stimato\" \/>\n\t<meta name=\"twitter:data1\" content=\"2 minuti\" \/>\n<script type=\"application\/ld+json\" class=\"yoast-schema-graph\">{\"@context\":\"https:\/\/schema.org\",\"@graph\":[{\"@type\":\"WebPage\",\"@id\":\"https:\/\/www.hoteliaccarino.eu\/es\/unser-gartenhotel-iaccarino-in-santagata-sui-due-golfi\/\",\"url\":\"https:\/\/www.hoteliaccarino.eu\/es\/unser-gartenhotel-iaccarino-in-santagata-sui-due-golfi\/\",\"name\":\"Nuestro Hotel Jard\u00edn Jaccarino | Sant Agata | Hotel de 4 estrellas\",\"isPartOf\":{\"@id\":\"https:\/\/www.hoteliaccarino.eu\/es\/#website\"},\"primaryImageOfPage\":{\"@id\":\"https:\/\/www.hoteliaccarino.eu\/es\/unser-gartenhotel-iaccarino-in-santagata-sui-due-golfi\/#primaryimage\"},\"image\":{\"@id\":\"https:\/\/www.hoteliaccarino.eu\/es\/unser-gartenhotel-iaccarino-in-santagata-sui-due-golfi\/#primaryimage\"},\"thumbnailUrl\":\"https:\/\/www.hoteliaccarino.eu\/es\/wp-content\/uploads\/2026\/03\/Foto_hotel_iaccarino_a_sant_agata_sui_due_golfi_il_nostro_orto_4.jpg\",\"datePublished\":\"2026-03-06T23:06:08+00:00\",\"description\":\"Nuestro Hotel Jard\u00edn Jaccarino | Sant Agata. Un espacio cuidado con cari\u00f1o donde cultivamos frutas y verduras de temporada.\",\"breadcrumb\":{\"@id\":\"https:\/\/www.hoteliaccarino.eu\/es\/unser-gartenhotel-iaccarino-in-santagata-sui-due-golfi\/#breadcrumb\"},\"inLanguage\":\"it-IT\",\"potentialAction\":[{\"@type\":\"ReadAction\",\"target\":[\"https:\/\/www.hoteliaccarino.eu\/es\/unser-gartenhotel-iaccarino-in-santagata-sui-due-golfi\/\"]}]},{\"@type\":\"ImageObject\",\"inLanguage\":\"it-IT\",\"@id\":\"https:\/\/www.hoteliaccarino.eu\/es\/unser-gartenhotel-iaccarino-in-santagata-sui-due-golfi\/#primaryimage\",\"url\":\"https:\/\/www.hoteliaccarino.eu\/es\/wp-content\/uploads\/2026\/03\/Foto_hotel_iaccarino_a_sant_agata_sui_due_golfi_il_nostro_orto_4.jpg\",\"contentUrl\":\"https:\/\/www.hoteliaccarino.eu\/es\/wp-content\/uploads\/2026\/03\/Foto_hotel_iaccarino_a_sant_agata_sui_due_golfi_il_nostro_orto_4.jpg\",\"width\":1200,\"height\":800},{\"@type\":\"BreadcrumbList\",\"@id\":\"https:\/\/www.hoteliaccarino.eu\/es\/unser-gartenhotel-iaccarino-in-santagata-sui-due-golfi\/#breadcrumb\",\"itemListElement\":[{\"@type\":\"ListItem\",\"position\":1,\"name\":\"Home\",\"item\":\"https:\/\/www.hoteliaccarino.it\/it\/\"},{\"@type\":\"ListItem\",\"position\":2,\"name\":\"il nostro orto DE\"}]},{\"@type\":\"WebSite\",\"@id\":\"https:\/\/www.hoteliaccarino.eu\/es\/#website\",\"url\":\"https:\/\/www.hoteliaccarino.eu\/es\/\",\"name\":\"Hotel Iaccarino\",\"description\":\"Hotel a Sorrento\",\"potentialAction\":[{\"@type\":\"SearchAction\",\"target\":{\"@type\":\"EntryPoint\",\"urlTemplate\":\"https:\/\/www.hoteliaccarino.eu\/es\/?s={search_term_string}\"},\"query-input\":{\"@type\":\"PropertyValueSpecification\",\"valueRequired\":true,\"valueName\":\"search_term_string\"}}],\"inLanguage\":\"it-IT\"}]}<\/script>\n<!-- \/ Yoast SEO plugin. -->","yoast_head_json":{"title":"Nuestro Hotel Jard\u00edn Jaccarino | Sant Agata | Hotel de 4 estrellas","description":"Nuestro Hotel Jard\u00edn Jaccarino | Sant Agata. Un espacio cuidado con cari\u00f1o donde cultivamos frutas y verduras de temporada.","robots":{"index":"index","follow":"follow","max-snippet":"max-snippet:-1","max-image-preview":"max-image-preview:large","max-video-preview":"max-video-preview:-1"},"canonical":"https:\/\/www.hoteliaccarino.eu\/es\/unser-gartenhotel-iaccarino-in-santagata-sui-due-golfi\/","og_locale":"it_IT","og_type":"article","og_title":"Nuestro Hotel Jard\u00edn Jaccarino | Sant Agata | Hotel de 4 estrellas","og_description":"Nuestro Hotel Jard\u00edn Jaccarino | Sant Agata. Un espacio cuidado con cari\u00f1o donde cultivamos frutas y verduras de temporada.","og_url":"https:\/\/www.hoteliaccarino.eu\/es\/unser-gartenhotel-iaccarino-in-santagata-sui-due-golfi\/","og_site_name":"Hotel Iaccarino","og_image":[{"width":1200,"height":800,"url":"https:\/\/www.hoteliaccarino.eu\/es\/wp-content\/uploads\/2026\/03\/Foto_hotel_iaccarino_a_sant_agata_sui_due_golfi_il_nostro_orto_4.jpg","type":"image\/jpeg"}],"twitter_card":"summary_large_image","twitter_misc":{"Tempo di lettura stimato":"2 minuti"},"schema":{"@context":"https:\/\/schema.org","@graph":[{"@type":"WebPage","@id":"https:\/\/www.hoteliaccarino.eu\/es\/unser-gartenhotel-iaccarino-in-santagata-sui-due-golfi\/","url":"https:\/\/www.hoteliaccarino.eu\/es\/unser-gartenhotel-iaccarino-in-santagata-sui-due-golfi\/","name":"Nuestro Hotel Jard\u00edn Jaccarino | Sant Agata | Hotel de 4 estrellas","isPartOf":{"@id":"https:\/\/www.hoteliaccarino.eu\/es\/#website"},"primaryImageOfPage":{"@id":"https:\/\/www.hoteliaccarino.eu\/es\/unser-gartenhotel-iaccarino-in-santagata-sui-due-golfi\/#primaryimage"},"image":{"@id":"https:\/\/www.hoteliaccarino.eu\/es\/unser-gartenhotel-iaccarino-in-santagata-sui-due-golfi\/#primaryimage"},"thumbnailUrl":"https:\/\/www.hoteliaccarino.eu\/es\/wp-content\/uploads\/2026\/03\/Foto_hotel_iaccarino_a_sant_agata_sui_due_golfi_il_nostro_orto_4.jpg","datePublished":"2026-03-06T23:06:08+00:00","description":"Nuestro Hotel Jard\u00edn Jaccarino | Sant Agata. Un espacio cuidado con cari\u00f1o donde cultivamos frutas y verduras de temporada.","breadcrumb":{"@id":"https:\/\/www.hoteliaccarino.eu\/es\/unser-gartenhotel-iaccarino-in-santagata-sui-due-golfi\/#breadcrumb"},"inLanguage":"it-IT","potentialAction":[{"@type":"ReadAction","target":["https:\/\/www.hoteliaccarino.eu\/es\/unser-gartenhotel-iaccarino-in-santagata-sui-due-golfi\/"]}]},{"@type":"ImageObject","inLanguage":"it-IT","@id":"https:\/\/www.hoteliaccarino.eu\/es\/unser-gartenhotel-iaccarino-in-santagata-sui-due-golfi\/#primaryimage","url":"https:\/\/www.hoteliaccarino.eu\/es\/wp-content\/uploads\/2026\/03\/Foto_hotel_iaccarino_a_sant_agata_sui_due_golfi_il_nostro_orto_4.jpg","contentUrl":"https:\/\/www.hoteliaccarino.eu\/es\/wp-content\/uploads\/2026\/03\/Foto_hotel_iaccarino_a_sant_agata_sui_due_golfi_il_nostro_orto_4.jpg","width":1200,"height":800},{"@type":"BreadcrumbList","@id":"https:\/\/www.hoteliaccarino.eu\/es\/unser-gartenhotel-iaccarino-in-santagata-sui-due-golfi\/#breadcrumb","itemListElement":[{"@type":"ListItem","position":1,"name":"Home","item":"https:\/\/www.hoteliaccarino.it\/it\/"},{"@type":"ListItem","position":2,"name":"il nostro orto DE"}]},{"@type":"WebSite","@id":"https:\/\/www.hoteliaccarino.eu\/es\/#website","url":"https:\/\/www.hoteliaccarino.eu\/es\/","name":"Hotel Iaccarino","description":"Hotel a Sorrento","potentialAction":[{"@type":"SearchAction","target":{"@type":"EntryPoint","urlTemplate":"https:\/\/www.hoteliaccarino.eu\/es\/?s={search_term_string}"},"query-input":{"@type":"PropertyValueSpecification","valueRequired":true,"valueName":"search_term_string"}}],"inLanguage":"it-IT"}]}},"_links":{"self":[{"href":"https:\/\/www.hoteliaccarino.eu\/es\/wp-json\/wp\/v2\/pages\/10155","targetHints":{"allow":["GET"]}}],"collection":[{"href":"https:\/\/www.hoteliaccarino.eu\/es\/wp-json\/wp\/v2\/pages"}],"about":[{"href":"https:\/\/www.hoteliaccarino.eu\/es\/wp-json\/wp\/v2\/types\/page"}],"author":[{"embeddable":true,"href":"https:\/\/www.hoteliaccarino.eu\/es\/wp-json\/wp\/v2\/users\/1"}],"replies":[{"embeddable":true,"href":"https:\/\/www.hoteliaccarino.eu\/es\/wp-json\/wp\/v2\/comments?post=10155"}],"version-history":[{"count":1,"href":"https:\/\/www.hoteliaccarino.eu\/es\/wp-json\/wp\/v2\/pages\/10155\/revisions"}],"predecessor-version":[{"id":10156,"href":"https:\/\/www.hoteliaccarino.eu\/es\/wp-json\/wp\/v2\/pages\/10155\/revisions\/10156"}],"wp:featuredmedia":[{"embeddable":true,"href":"https:\/\/www.hoteliaccarino.eu\/es\/wp-json\/wp\/v2\/media\/10122"}],"wp:attachment":[{"href":"https:\/\/www.hoteliaccarino.eu\/es\/wp-json\/wp\/v2\/media?parent=10155"}],"curies":[{"name":"wp","href":"https:\/\/api.w.org\/{rel}","templated":true}]}}