{"id":5668,"date":"2021-10-11T10:31:36","date_gmt":"2021-10-11T08:31:36","guid":{"rendered":"http:\/\/demo.hoteltramontano.com\/demo8\/?page_id=5668"},"modified":"2023-11-29T23:02:05","modified_gmt":"2023-11-29T22:02:05","slug":"piscine-hotel-peninsule-de-sorrente","status":"publish","type":"page","link":"https:\/\/www.hoteliaccarino.eu\/es\/piscine-hotel-peninsule-de-sorrente\/","title":{"rendered":"H\u00f4tel avec piscine"},"content":{"rendered":"\t\t<div data-elementor-type=\"wp-page\" data-elementor-id=\"5668\" class=\"elementor elementor-5668\" data-elementor-settings=\"[]\">\n\t\t\t\t\t\t\t<div class=\"elementor-section-wrap\">\n\t\t\t\t\t\t\t<section class=\"elementor-section elementor-top-section elementor-element elementor-element-bf3eea0 elementor-section-full_width elementor-section-content-top elementor-section-stretched elementor-section-height-default elementor-section-height-default\" data-id=\"bf3eea0\" data-element_type=\"section\" data-settings=\"{&quot;stretch_section&quot;:&quot;section-stretched&quot;,&quot;hoteller_ext_is_background_parallax&quot;:&quot;false&quot;,&quot;hoteller_ext_is_background_on_scroll&quot;:&quot;false&quot;}\">\n\t\t\t\t\t\t<div class=\"elementor-container elementor-column-gap-default\">\n\t\t\t\t\t<div class=\"elementor-column elementor-col-100 elementor-top-column elementor-element elementor-element-47de9b1\" data-id=\"47de9b1\" data-element_type=\"column\" data-settings=\"{&quot;hoteller_ext_is_scrollme&quot;:&quot;false&quot;,&quot;hoteller_ext_is_smoove&quot;:&quot;false&quot;,&quot;hoteller_ext_is_parallax_mouse&quot;:&quot;false&quot;,&quot;hoteller_ext_is_infinite&quot;:&quot;false&quot;,&quot;hoteller_ext_is_fadeout_animation&quot;:&quot;false&quot;}\">\n\t\t\t<div class=\"elementor-widget-wrap elementor-element-populated\">\n\t\t\t\t\t\t\t\t<div class=\"elementor-element elementor-element-564a451 elementor-widget elementor-widget-hoteller-slider-parallax\" data-id=\"564a451\" data-element_type=\"widget\" data-settings=\"{&quot;hoteller_ext_is_scrollme&quot;:&quot;false&quot;,&quot;hoteller_ext_is_smoove&quot;:&quot;false&quot;,&quot;hoteller_ext_is_parallax_mouse&quot;:&quot;false&quot;,&quot;hoteller_ext_is_infinite&quot;:&quot;false&quot;,&quot;hoteller_ext_is_fadeout_animation&quot;:&quot;false&quot;}\" data-widget_type=\"hoteller-slider-parallax.default\">\n\t\t\t\t<div class=\"elementor-widget-container\">\n\t\t\t<div class=\"slider_parallax_wrapper\" data-autoplay=\"0\" data-pagination=\"0\" data-navigation=\"0\">\n\t<div class=\"slider_parallax_inner\">\n\t\t<div class=\"slider_parallax_slides\">\n\t\t\t\t\t\t<div class=\"slide is-active \">\n\t\t          \t<div class=\"slide-content\">\n\t\t            \t<div class=\"caption\">\n\t\t\t\t\t\t\t<div class=\"title\"><h2>H\u00f4tel avec piscine<\/h2><\/div>\n\t\t\t\t\t\t\t<div class=\"text\">\n\t\t                \t\t\t\t              \t\t<\/div> \n\t\t\t                \t\t            \t<\/div>\n\t\t          \t<\/div>\n\t\t\t\t  \t<div class=\"image-container\"> \n\t\t            \t<img decoding=\"async\" src=\"https:\/\/www.hoteliaccarino.eu\/es\/wp-content\/uploads\/2023\/02\/Hotel_Iaccarino_a_sant_agata_sui_due_golfi_hotel_foto_blocco_piscina_pagina_home_1.jpg\" alt=\"\" class=\"image\" \/>\n\t\t          \t<\/div>\n\t\t        <\/div>\n\t\t\t\t<\/div>\n\t\t\t    \t<\/div>\n<\/div>\n\t\t<\/div>\n\t\t\t\t<\/div>\n\t\t\t\t\t<\/div>\n\t\t<\/div>\n\t\t\t\t\t\t\t<\/div>\n\t\t<\/section>\n\t\t\t\t<section class=\"elementor-section elementor-top-section elementor-element elementor-element-1da0afb elementor-section-boxed elementor-section-height-default elementor-section-height-default\" data-id=\"1da0afb\" data-element_type=\"section\" data-settings=\"{&quot;hoteller_ext_is_background_parallax&quot;:&quot;false&quot;,&quot;hoteller_ext_is_background_on_scroll&quot;:&quot;false&quot;}\">\n\t\t\t\t\t\t<div class=\"elementor-container elementor-column-gap-default\">\n\t\t\t\t\t<div class=\"elementor-column elementor-col-50 elementor-top-column elementor-element elementor-element-c6cc490\" data-id=\"c6cc490\" data-element_type=\"column\" data-settings=\"{&quot;hoteller_ext_is_scrollme&quot;:&quot;false&quot;,&quot;hoteller_ext_is_smoove&quot;:&quot;false&quot;,&quot;hoteller_ext_is_parallax_mouse&quot;:&quot;false&quot;,&quot;hoteller_ext_is_infinite&quot;:&quot;false&quot;,&quot;hoteller_ext_is_fadeout_animation&quot;:&quot;false&quot;}\">\n\t\t\t<div class=\"elementor-widget-wrap elementor-element-populated\">\n\t\t\t\t\t\t\t\t<div class=\"elementor-element elementor-element-3fb4e43 elementor-widget elementor-widget-image\" data-id=\"3fb4e43\" data-element_type=\"widget\" data-settings=\"{&quot;hoteller_image_is_animation&quot;:&quot;false&quot;,&quot;hoteller_ext_is_scrollme&quot;:&quot;false&quot;,&quot;hoteller_ext_is_smoove&quot;:&quot;false&quot;,&quot;hoteller_ext_is_parallax_mouse&quot;:&quot;false&quot;,&quot;hoteller_ext_is_infinite&quot;:&quot;false&quot;,&quot;hoteller_ext_is_fadeout_animation&quot;:&quot;false&quot;}\" data-widget_type=\"image.default\">\n\t\t\t\t<div class=\"elementor-widget-container\">\n\t\t\t\t\t\t\t\t\t\t\t\t\t\t\t<img loading=\"lazy\" decoding=\"async\" width=\"863\" height=\"1366\" src=\"https:\/\/www.hoteliaccarino.eu\/es\/wp-content\/uploads\/2023\/02\/Hotel_Iaccarino_a_sant_agata_sui_due_golfi_hotel_foto_blocco_offerte_pagina_home_1.jpg\" class=\"attachment-full size-full\" alt=\"\" \/>\t\t\t\t\t\t\t\t\t\t\t\t\t\t\t<\/div>\n\t\t\t\t<\/div>\n\t\t\t\t\t<\/div>\n\t\t<\/div>\n\t\t\t\t<div class=\"elementor-column elementor-col-50 elementor-top-column elementor-element elementor-element-fa6956f\" data-id=\"fa6956f\" data-element_type=\"column\" data-settings=\"{&quot;hoteller_ext_is_scrollme&quot;:&quot;false&quot;,&quot;hoteller_ext_is_smoove&quot;:&quot;false&quot;,&quot;hoteller_ext_is_parallax_mouse&quot;:&quot;false&quot;,&quot;hoteller_ext_is_infinite&quot;:&quot;false&quot;,&quot;hoteller_ext_is_fadeout_animation&quot;:&quot;false&quot;}\">\n\t\t\t<div class=\"elementor-widget-wrap elementor-element-populated\">\n\t\t\t\t\t\t\t\t<div class=\"elementor-element elementor-element-9df2601 elementor-invisible elementor-widget elementor-widget-heading\" data-id=\"9df2601\" data-element_type=\"widget\" data-settings=\"{&quot;_animation&quot;:&quot;fadeInUp&quot;,&quot;hoteller_ext_is_scrollme&quot;:&quot;false&quot;,&quot;hoteller_ext_is_smoove&quot;:&quot;false&quot;,&quot;hoteller_ext_is_parallax_mouse&quot;:&quot;false&quot;,&quot;hoteller_ext_is_infinite&quot;:&quot;false&quot;,&quot;hoteller_ext_is_fadeout_animation&quot;:&quot;false&quot;}\" data-widget_type=\"heading.default\">\n\t\t\t\t<div class=\"elementor-widget-container\">\n\t\t\t<h2 class=\"elementor-heading-title elementor-size-default\">Piscine<\/h2>\t\t<\/div>\n\t\t\t\t<\/div>\n\t\t\t\t<div class=\"elementor-element elementor-element-82b5129 elementor-invisible elementor-widget elementor-widget-text-editor\" data-id=\"82b5129\" data-element_type=\"widget\" data-settings=\"{&quot;_animation&quot;:&quot;fadeInUp&quot;,&quot;_animation_delay&quot;:200,&quot;hoteller_ext_is_scrollme&quot;:&quot;false&quot;,&quot;hoteller_ext_is_smoove&quot;:&quot;false&quot;,&quot;hoteller_ext_is_parallax_mouse&quot;:&quot;false&quot;,&quot;hoteller_ext_is_infinite&quot;:&quot;false&quot;,&quot;hoteller_ext_is_fadeout_animation&quot;:&quot;false&quot;}\" data-widget_type=\"text-editor.default\">\n\t\t\t\t<div class=\"elementor-widget-container\">\n\t\t\t\t\t\t\t<p>La piscine avec vue <strong>panoramique<\/strong>, o\u00f9 le soleil brille toute la journ\u00e9e, est le lieu id\u00e9al pour passer des heures de d\u00e9tente et de tranquillit\u00e9 sur les chaises longues \u00e9quip\u00e9es de parasols et de serviettes de plage. Le bar de la piscine propose un service de boissons au bord de la piscine et un service de collations sur la terrasse.<\/p>\t\t\t\t\t\t<\/div>\n\t\t\t\t<\/div>\n\t\t\t\t<div class=\"elementor-element elementor-element-74671e5 elementor-widget elementor-widget-image\" data-id=\"74671e5\" data-element_type=\"widget\" data-settings=\"{&quot;hoteller_image_is_animation&quot;:&quot;false&quot;,&quot;hoteller_ext_is_scrollme&quot;:&quot;false&quot;,&quot;hoteller_ext_is_smoove&quot;:&quot;false&quot;,&quot;hoteller_ext_is_parallax_mouse&quot;:&quot;false&quot;,&quot;hoteller_ext_is_infinite&quot;:&quot;false&quot;,&quot;hoteller_ext_is_fadeout_animation&quot;:&quot;false&quot;}\" data-widget_type=\"image.default\">\n\t\t\t\t<div class=\"elementor-widget-container\">\n\t\t\t\t\t\t\t\t\t\t\t\t\t\t\t<img loading=\"lazy\" decoding=\"async\" width=\"1440\" height=\"800\" src=\"https:\/\/www.hoteliaccarino.eu\/es\/wp-content\/uploads\/2023\/11\/Hotel_a_Sorrento_Hotel_Jaccarino_piscina_hotel_slide_blocco_piscina_6.jpg\" class=\"attachment-full size-full\" alt=\"\" \/>\t\t\t\t\t\t\t\t\t\t\t\t\t\t\t<\/div>\n\t\t\t\t<\/div>\n\t\t\t\t\t<\/div>\n\t\t<\/div>\n\t\t\t\t\t\t\t<\/div>\n\t\t<\/section>\n\t\t\t\t<section class=\"elementor-section elementor-top-section elementor-element elementor-element-ec81538 elementor-section-stretched elementor-section-boxed elementor-section-height-default elementor-section-height-default\" data-id=\"ec81538\" data-element_type=\"section\" data-settings=\"{&quot;stretch_section&quot;:&quot;section-stretched&quot;,&quot;hoteller_ext_is_background_parallax&quot;:&quot;false&quot;,&quot;hoteller_ext_is_background_on_scroll&quot;:&quot;false&quot;}\">\n\t\t\t\t\t\t<div class=\"elementor-container elementor-column-gap-default\">\n\t\t\t\t\t<div class=\"elementor-column elementor-col-100 elementor-top-column elementor-element elementor-element-68205cc\" data-id=\"68205cc\" data-element_type=\"column\" data-settings=\"{&quot;hoteller_ext_is_scrollme&quot;:&quot;false&quot;,&quot;hoteller_ext_is_smoove&quot;:&quot;false&quot;,&quot;hoteller_ext_is_parallax_mouse&quot;:&quot;false&quot;,&quot;hoteller_ext_is_infinite&quot;:&quot;false&quot;,&quot;hoteller_ext_is_fadeout_animation&quot;:&quot;false&quot;}\">\n\t\t\t<div class=\"elementor-widget-wrap elementor-element-populated\">\n\t\t\t\t\t\t\t\t<div class=\"elementor-element elementor-element-6135c7d animated-slow elementor-invisible elementor-widget elementor-widget-hoteller-slider-parallax\" data-id=\"6135c7d\" data-element_type=\"widget\" data-settings=\"{&quot;_animation&quot;:&quot;fadeIn&quot;,&quot;hoteller_ext_is_scrollme&quot;:&quot;false&quot;,&quot;hoteller_ext_is_smoove&quot;:&quot;false&quot;,&quot;hoteller_ext_is_parallax_mouse&quot;:&quot;false&quot;,&quot;hoteller_ext_is_infinite&quot;:&quot;false&quot;,&quot;hoteller_ext_is_fadeout_animation&quot;:&quot;false&quot;}\" data-widget_type=\"hoteller-slider-parallax.default\">\n\t\t\t\t<div class=\"elementor-widget-container\">\n\t\t\t<div class=\"slider_parallax_wrapper\" data-autoplay=\"6000\" data-pagination=\"1\" data-navigation=\"0\">\n\t<div class=\"slider_parallax_inner\">\n\t\t<div class=\"slider_parallax_slides\">\n\t\t\t\t\t\t<div class=\"slide is-active \">\n\t\t          \t<div class=\"slide-content\">\n\t\t            \t<div class=\"caption\">\n\t\t\t\t\t\t\t<div class=\"title\"><h2>Profitez de la vue, du soleil, du calme et de la tranquillit\u00e9<\/h2><\/div>\n\t\t\t\t\t\t\t<div class=\"text\">\n\t\t                \t\t\t\t              \t\t<\/div> \n\t\t\t                \t\t            \t<\/div>\n\t\t          \t<\/div>\n\t\t\t\t  \t<div class=\"image-container\"> \n\t\t            \t<img decoding=\"async\" src=\"https:\/\/www.hoteliaccarino.eu\/es\/wp-content\/uploads\/2023\/04\/Hotel_a_Sorrento_Hotel_Jaccarino_piscina_hotel_slide_blocco_piscina_1.jpg\" alt=\"\" class=\"image\" \/>\n\t\t          \t<\/div>\n\t\t        <\/div>\n\t\t\t\t\t\t<div class=\"slide  \">\n\t\t          \t<div class=\"slide-content\">\n\t\t            \t<div class=\"caption\">\n\t\t\t\t\t\t\t<div class=\"title\"><h2><\/h2><\/div>\n\t\t\t\t\t\t\t<div class=\"text\">\n\t\t                \t\t\t\t              \t\t<\/div> \n\t\t\t                \t\t            \t<\/div>\n\t\t          \t<\/div>\n\t\t\t\t  \t<div class=\"image-container\"> \n\t\t            \t<img decoding=\"async\" src=\"https:\/\/www.hoteliaccarino.eu\/es\/wp-content\/uploads\/2023\/04\/Hotel_a_Sorrento_Hotel_Jaccarino_piscina_hotel_slide_blocco_piscina_3.jpg\" alt=\"\" class=\"image\" \/>\n\t\t          \t<\/div>\n\t\t        <\/div>\n\t\t\t\t\t\t<div class=\"slide  \">\n\t\t          \t<div class=\"slide-content\">\n\t\t            \t<div class=\"caption\">\n\t\t\t\t\t\t\t<div class=\"title\"><h2><\/h2><\/div>\n\t\t\t\t\t\t\t<div class=\"text\">\n\t\t                \t\t\t\t              \t\t<\/div> \n\t\t\t                \t\t            \t<\/div>\n\t\t          \t<\/div>\n\t\t\t\t  \t<div class=\"image-container\"> \n\t\t            \t<img decoding=\"async\" src=\"https:\/\/www.hoteliaccarino.eu\/es\/wp-content\/uploads\/2023\/04\/Hotel_a_Sorrento_Hotel_Jaccarino_piscina_hotel_slide_blocco_piscina_5.jpg\" alt=\"\" class=\"image\" \/>\n\t\t          \t<\/div>\n\t\t        <\/div>\n\t\t\t\t\t\t<div class=\"slide  \">\n\t\t          \t<div class=\"slide-content\">\n\t\t            \t<div class=\"caption\">\n\t\t\t\t\t\t\t<div class=\"title\"><h2><\/h2><\/div>\n\t\t\t\t\t\t\t<div class=\"text\">\n\t\t                \t\t\t\t              \t\t<\/div> \n\t\t\t                \t\t            \t<\/div>\n\t\t          \t<\/div>\n\t\t\t\t  \t<div class=\"image-container\"> \n\t\t            \t<img decoding=\"async\" src=\"https:\/\/www.hoteliaccarino.eu\/es\/wp-content\/uploads\/2023\/04\/Hotel_a_Sorrento_Hotel_Jaccarino_piscina_hotel_slide_blocco_piscina_2.jpg\" alt=\"\" class=\"image\" \/>\n\t\t          \t<\/div>\n\t\t        <\/div>\n\t\t\t\t\t\t<div class=\"slide  \">\n\t\t          \t<div class=\"slide-content\">\n\t\t            \t<div class=\"caption\">\n\t\t\t\t\t\t\t<div class=\"title\"><h2><\/h2><\/div>\n\t\t\t\t\t\t\t<div class=\"text\">\n\t\t                \t\t\t\t              \t\t<\/div> \n\t\t\t                \t\t            \t<\/div>\n\t\t          \t<\/div>\n\t\t\t\t  \t<div class=\"image-container\"> \n\t\t            \t<img decoding=\"async\" src=\"https:\/\/www.hoteliaccarino.eu\/es\/wp-content\/uploads\/2023\/04\/Hotel_a_Sorrento_Hotel_Jaccarino_piscina_hotel_slide_blocco_piscina_4.jpg\" alt=\"\" class=\"image\" \/>\n\t\t          \t<\/div>\n\t\t        <\/div>\n\t\t\t\t<\/div>\n\t\t\t\t<div class=\"pagination\">\n\t\t\t\t\t        <div class=\"item is-active\"> \n\t\t          <span class=\"icon\">1<\/span>\n\t\t        <\/div>\n\t        \t\t        <div class=\"item \"> \n\t\t          <span class=\"icon\">2<\/span>\n\t\t        <\/div>\n\t        \t\t        <div class=\"item \"> \n\t\t          <span class=\"icon\">3<\/span>\n\t\t        <\/div>\n\t        \t\t        <div class=\"item \"> \n\t\t          <span class=\"icon\">4<\/span>\n\t\t        <\/div>\n\t        \t\t        <div class=\"item \"> \n\t\t          <span class=\"icon\">5<\/span>\n\t\t        <\/div>\n\t        \t    <\/div>\n\t    \t    \t<\/div>\n<\/div>\n\t\t<\/div>\n\t\t\t\t<\/div>\n\t\t\t\t\t<\/div>\n\t\t<\/div>\n\t\t\t\t\t\t\t<\/div>\n\t\t<\/section>\n\t\t\t\t\t\t<\/div>\n\t\t\t\t\t<\/div>\n\t\t","protected":false},"excerpt":{"rendered":"<p>H\u00f4tel avec piscine Piscine La piscine avec vue panoramique, o\u00f9 le soleil brille toute la journ\u00e9e, est le lieu id\u00e9al pour passer des heures de d\u00e9tente et de tranquillit\u00e9 sur les chaises longues \u00e9quip\u00e9es de parasols et de serviettes de [&hellip;]<\/p>\n","protected":false},"author":1,"featured_media":7848,"parent":0,"menu_order":0,"comment_status":"closed","ping_status":"closed","template":"","meta":{"footnotes":""},"class_list":["post-5668","page","type-page","status-publish","has-post-thumbnail","hentry"],"yoast_head":"<!-- This site is optimized with the Yoast SEO plugin v25.0 - https:\/\/yoast.com\/wordpress\/plugins\/seo\/ -->\n<title>Piscine H\u00f4tel Sant&#039;Agata Sui Due Golfi | H\u00f4tel Jaccarino | H\u00f4tel 4 \u00e9toiles<\/title>\n<meta name=\"description\" content=\"Piscine H\u00f4tel Sant&#039;Agata Sui Due Golfi | H\u00f4tel Jaccarino | H\u00f4tel 4 \u00e9toiles. l&#039;endroit id\u00e9al pour passer des heures de d\u00e9tente.\" \/>\n<meta name=\"robots\" content=\"index, follow, max-snippet:-1, max-image-preview:large, max-video-preview:-1\" \/>\n<link rel=\"canonical\" href=\"https:\/\/www.hoteliaccarino.eu\/es\/piscine-hotel-peninsule-de-sorrente\/\" \/>\n<meta property=\"og:locale\" content=\"it_IT\" \/>\n<meta property=\"og:type\" content=\"article\" \/>\n<meta property=\"og:title\" content=\"Piscine H\u00f4tel Sant&#039;Agata Sui Due Golfi | H\u00f4tel Jaccarino | H\u00f4tel 4 \u00e9toiles\" \/>\n<meta property=\"og:description\" content=\"Piscine H\u00f4tel Sant&#039;Agata Sui Due Golfi | H\u00f4tel Jaccarino | H\u00f4tel 4 \u00e9toiles. l&#039;endroit id\u00e9al pour passer des heures de d\u00e9tente.\" \/>\n<meta property=\"og:url\" content=\"https:\/\/www.hoteliaccarino.eu\/es\/piscine-hotel-peninsule-de-sorrente\/\" \/>\n<meta property=\"og:site_name\" content=\"Hotel Iaccarino\" \/>\n<meta property=\"article:modified_time\" content=\"2023-11-29T22:02:05+00:00\" \/>\n<meta property=\"og:image\" content=\"https:\/\/www.hoteliaccarino.eu\/es\/wp-content\/uploads\/2023\/02\/Hotel_Iaccarino_a_sant_agata_sui_due_golfi_hotel_foto_blocco_piscina_pagina_home_1.jpg\" \/>\n\t<meta property=\"og:image:width\" content=\"1120\" \/>\n\t<meta property=\"og:image:height\" content=\"598\" \/>\n\t<meta property=\"og:image:type\" content=\"image\/jpeg\" \/>\n<meta name=\"twitter:card\" content=\"summary_large_image\" \/>\n<meta name=\"twitter:label1\" content=\"Tempo di lettura stimato\" \/>\n\t<meta name=\"twitter:data1\" content=\"2 minuti\" \/>\n<script type=\"application\/ld+json\" class=\"yoast-schema-graph\">{\"@context\":\"https:\/\/schema.org\",\"@graph\":[{\"@type\":\"WebPage\",\"@id\":\"https:\/\/www.hoteliaccarino.eu\/es\/piscine-hotel-peninsule-de-sorrente\/\",\"url\":\"https:\/\/www.hoteliaccarino.eu\/es\/piscine-hotel-peninsule-de-sorrente\/\",\"name\":\"Piscine H\u00f4tel Sant'Agata Sui Due Golfi | H\u00f4tel Jaccarino | H\u00f4tel 4 \u00e9toiles\",\"isPartOf\":{\"@id\":\"https:\/\/www.hoteliaccarino.eu\/es\/#website\"},\"primaryImageOfPage\":{\"@id\":\"https:\/\/www.hoteliaccarino.eu\/es\/piscine-hotel-peninsule-de-sorrente\/#primaryimage\"},\"image\":{\"@id\":\"https:\/\/www.hoteliaccarino.eu\/es\/piscine-hotel-peninsule-de-sorrente\/#primaryimage\"},\"thumbnailUrl\":\"https:\/\/www.hoteliaccarino.eu\/es\/wp-content\/uploads\/2023\/02\/Hotel_Iaccarino_a_sant_agata_sui_due_golfi_hotel_foto_blocco_piscina_pagina_home_1.jpg\",\"datePublished\":\"2021-10-11T08:31:36+00:00\",\"dateModified\":\"2023-11-29T22:02:05+00:00\",\"description\":\"Piscine H\u00f4tel Sant'Agata Sui Due Golfi | H\u00f4tel Jaccarino | H\u00f4tel 4 \u00e9toiles. l'endroit id\u00e9al pour passer des heures de d\u00e9tente.\",\"breadcrumb\":{\"@id\":\"https:\/\/www.hoteliaccarino.eu\/es\/piscine-hotel-peninsule-de-sorrente\/#breadcrumb\"},\"inLanguage\":\"it-IT\",\"potentialAction\":[{\"@type\":\"ReadAction\",\"target\":[\"https:\/\/www.hoteliaccarino.eu\/es\/piscine-hotel-peninsule-de-sorrente\/\"]}]},{\"@type\":\"ImageObject\",\"inLanguage\":\"it-IT\",\"@id\":\"https:\/\/www.hoteliaccarino.eu\/es\/piscine-hotel-peninsule-de-sorrente\/#primaryimage\",\"url\":\"https:\/\/www.hoteliaccarino.eu\/es\/wp-content\/uploads\/2023\/02\/Hotel_Iaccarino_a_sant_agata_sui_due_golfi_hotel_foto_blocco_piscina_pagina_home_1.jpg\",\"contentUrl\":\"https:\/\/www.hoteliaccarino.eu\/es\/wp-content\/uploads\/2023\/02\/Hotel_Iaccarino_a_sant_agata_sui_due_golfi_hotel_foto_blocco_piscina_pagina_home_1.jpg\",\"width\":1120,\"height\":598},{\"@type\":\"BreadcrumbList\",\"@id\":\"https:\/\/www.hoteliaccarino.eu\/es\/piscine-hotel-peninsule-de-sorrente\/#breadcrumb\",\"itemListElement\":[{\"@type\":\"ListItem\",\"position\":1,\"name\":\"Home\",\"item\":\"https:\/\/www.hoteliaccarino.it\/it\/\"},{\"@type\":\"ListItem\",\"position\":2,\"name\":\"H\u00f4tel avec piscine\"}]},{\"@type\":\"WebSite\",\"@id\":\"https:\/\/www.hoteliaccarino.eu\/es\/#website\",\"url\":\"https:\/\/www.hoteliaccarino.eu\/es\/\",\"name\":\"Hotel Iaccarino\",\"description\":\"Hotel a Sorrento\",\"potentialAction\":[{\"@type\":\"SearchAction\",\"target\":{\"@type\":\"EntryPoint\",\"urlTemplate\":\"https:\/\/www.hoteliaccarino.eu\/es\/?s={search_term_string}\"},\"query-input\":{\"@type\":\"PropertyValueSpecification\",\"valueRequired\":true,\"valueName\":\"search_term_string\"}}],\"inLanguage\":\"it-IT\"}]}<\/script>\n<!-- \/ Yoast SEO plugin. -->","yoast_head_json":{"title":"Piscine H\u00f4tel Sant'Agata Sui Due Golfi | H\u00f4tel Jaccarino | H\u00f4tel 4 \u00e9toiles","description":"Piscine H\u00f4tel Sant'Agata Sui Due Golfi | H\u00f4tel Jaccarino | H\u00f4tel 4 \u00e9toiles. l'endroit id\u00e9al pour passer des heures de d\u00e9tente.","robots":{"index":"index","follow":"follow","max-snippet":"max-snippet:-1","max-image-preview":"max-image-preview:large","max-video-preview":"max-video-preview:-1"},"canonical":"https:\/\/www.hoteliaccarino.eu\/es\/piscine-hotel-peninsule-de-sorrente\/","og_locale":"it_IT","og_type":"article","og_title":"Piscine H\u00f4tel Sant'Agata Sui Due Golfi | H\u00f4tel Jaccarino | H\u00f4tel 4 \u00e9toiles","og_description":"Piscine H\u00f4tel Sant'Agata Sui Due Golfi | H\u00f4tel Jaccarino | H\u00f4tel 4 \u00e9toiles. l'endroit id\u00e9al pour passer des heures de d\u00e9tente.","og_url":"https:\/\/www.hoteliaccarino.eu\/es\/piscine-hotel-peninsule-de-sorrente\/","og_site_name":"Hotel Iaccarino","article_modified_time":"2023-11-29T22:02:05+00:00","og_image":[{"width":1120,"height":598,"url":"https:\/\/www.hoteliaccarino.eu\/es\/wp-content\/uploads\/2023\/02\/Hotel_Iaccarino_a_sant_agata_sui_due_golfi_hotel_foto_blocco_piscina_pagina_home_1.jpg","type":"image\/jpeg"}],"twitter_card":"summary_large_image","twitter_misc":{"Tempo di lettura stimato":"2 minuti"},"schema":{"@context":"https:\/\/schema.org","@graph":[{"@type":"WebPage","@id":"https:\/\/www.hoteliaccarino.eu\/es\/piscine-hotel-peninsule-de-sorrente\/","url":"https:\/\/www.hoteliaccarino.eu\/es\/piscine-hotel-peninsule-de-sorrente\/","name":"Piscine H\u00f4tel Sant'Agata Sui Due Golfi | H\u00f4tel Jaccarino | H\u00f4tel 4 \u00e9toiles","isPartOf":{"@id":"https:\/\/www.hoteliaccarino.eu\/es\/#website"},"primaryImageOfPage":{"@id":"https:\/\/www.hoteliaccarino.eu\/es\/piscine-hotel-peninsule-de-sorrente\/#primaryimage"},"image":{"@id":"https:\/\/www.hoteliaccarino.eu\/es\/piscine-hotel-peninsule-de-sorrente\/#primaryimage"},"thumbnailUrl":"https:\/\/www.hoteliaccarino.eu\/es\/wp-content\/uploads\/2023\/02\/Hotel_Iaccarino_a_sant_agata_sui_due_golfi_hotel_foto_blocco_piscina_pagina_home_1.jpg","datePublished":"2021-10-11T08:31:36+00:00","dateModified":"2023-11-29T22:02:05+00:00","description":"Piscine H\u00f4tel Sant'Agata Sui Due Golfi | H\u00f4tel Jaccarino | H\u00f4tel 4 \u00e9toiles. l'endroit id\u00e9al pour passer des heures de d\u00e9tente.","breadcrumb":{"@id":"https:\/\/www.hoteliaccarino.eu\/es\/piscine-hotel-peninsule-de-sorrente\/#breadcrumb"},"inLanguage":"it-IT","potentialAction":[{"@type":"ReadAction","target":["https:\/\/www.hoteliaccarino.eu\/es\/piscine-hotel-peninsule-de-sorrente\/"]}]},{"@type":"ImageObject","inLanguage":"it-IT","@id":"https:\/\/www.hoteliaccarino.eu\/es\/piscine-hotel-peninsule-de-sorrente\/#primaryimage","url":"https:\/\/www.hoteliaccarino.eu\/es\/wp-content\/uploads\/2023\/02\/Hotel_Iaccarino_a_sant_agata_sui_due_golfi_hotel_foto_blocco_piscina_pagina_home_1.jpg","contentUrl":"https:\/\/www.hoteliaccarino.eu\/es\/wp-content\/uploads\/2023\/02\/Hotel_Iaccarino_a_sant_agata_sui_due_golfi_hotel_foto_blocco_piscina_pagina_home_1.jpg","width":1120,"height":598},{"@type":"BreadcrumbList","@id":"https:\/\/www.hoteliaccarino.eu\/es\/piscine-hotel-peninsule-de-sorrente\/#breadcrumb","itemListElement":[{"@type":"ListItem","position":1,"name":"Home","item":"https:\/\/www.hoteliaccarino.it\/it\/"},{"@type":"ListItem","position":2,"name":"H\u00f4tel avec piscine"}]},{"@type":"WebSite","@id":"https:\/\/www.hoteliaccarino.eu\/es\/#website","url":"https:\/\/www.hoteliaccarino.eu\/es\/","name":"Hotel Iaccarino","description":"Hotel a Sorrento","potentialAction":[{"@type":"SearchAction","target":{"@type":"EntryPoint","urlTemplate":"https:\/\/www.hoteliaccarino.eu\/es\/?s={search_term_string}"},"query-input":{"@type":"PropertyValueSpecification","valueRequired":true,"valueName":"search_term_string"}}],"inLanguage":"it-IT"}]}},"_links":{"self":[{"href":"https:\/\/www.hoteliaccarino.eu\/es\/wp-json\/wp\/v2\/pages\/5668","targetHints":{"allow":["GET"]}}],"collection":[{"href":"https:\/\/www.hoteliaccarino.eu\/es\/wp-json\/wp\/v2\/pages"}],"about":[{"href":"https:\/\/www.hoteliaccarino.eu\/es\/wp-json\/wp\/v2\/types\/page"}],"author":[{"embeddable":true,"href":"https:\/\/www.hoteliaccarino.eu\/es\/wp-json\/wp\/v2\/users\/1"}],"replies":[{"embeddable":true,"href":"https:\/\/www.hoteliaccarino.eu\/es\/wp-json\/wp\/v2\/comments?post=5668"}],"version-history":[{"count":52,"href":"https:\/\/www.hoteliaccarino.eu\/es\/wp-json\/wp\/v2\/pages\/5668\/revisions"}],"predecessor-version":[{"id":9690,"href":"https:\/\/www.hoteliaccarino.eu\/es\/wp-json\/wp\/v2\/pages\/5668\/revisions\/9690"}],"wp:featuredmedia":[{"embeddable":true,"href":"https:\/\/www.hoteliaccarino.eu\/es\/wp-json\/wp\/v2\/media\/7848"}],"wp:attachment":[{"href":"https:\/\/www.hoteliaccarino.eu\/es\/wp-json\/wp\/v2\/media?parent=5668"}],"curies":[{"name":"wp","href":"https:\/\/api.w.org\/{rel}","templated":true}]}}