{"id":8695,"date":"2023-09-01T11:15:58","date_gmt":"2023-09-01T09:15:58","guid":{"rendered":"https:\/\/bk1.myalb.it\/hoteliaccarino.it\/it\/?page_id=8695"},"modified":"2023-09-01T11:19:40","modified_gmt":"2023-09-01T09:19:40","slug":"napoles-tour-de-la-costa-de-sorrento","status":"publish","type":"page","link":"https:\/\/www.hoteliaccarino.eu\/es\/napoles-tour-de-la-costa-de-sorrento\/","title":{"rendered":"N\u00e1poles Tour ES"},"content":{"rendered":"\t\t<div data-elementor-type=\"wp-page\" data-elementor-id=\"8695\" class=\"elementor elementor-8695\" data-elementor-settings=\"[]\">\n\t\t\t\t\t\t\t<div class=\"elementor-section-wrap\">\n\t\t\t\t\t\t\t<section class=\"elementor-section elementor-top-section elementor-element elementor-element-bf3eea0 elementor-section-full_width elementor-section-content-top elementor-section-stretched elementor-section-height-default elementor-section-height-default\" data-id=\"bf3eea0\" data-element_type=\"section\" data-settings=\"{&quot;stretch_section&quot;:&quot;section-stretched&quot;,&quot;hoteller_ext_is_background_parallax&quot;:&quot;false&quot;,&quot;hoteller_ext_is_background_on_scroll&quot;:&quot;false&quot;}\">\n\t\t\t\t\t\t<div class=\"elementor-container elementor-column-gap-default\">\n\t\t\t\t\t<div class=\"elementor-column elementor-col-100 elementor-top-column elementor-element elementor-element-47de9b1\" data-id=\"47de9b1\" data-element_type=\"column\" data-settings=\"{&quot;hoteller_ext_is_scrollme&quot;:&quot;false&quot;,&quot;hoteller_ext_is_smoove&quot;:&quot;false&quot;,&quot;hoteller_ext_is_parallax_mouse&quot;:&quot;false&quot;,&quot;hoteller_ext_is_infinite&quot;:&quot;false&quot;,&quot;hoteller_ext_is_fadeout_animation&quot;:&quot;false&quot;}\">\n\t\t\t<div class=\"elementor-widget-wrap elementor-element-populated\">\n\t\t\t\t\t\t\t\t<div class=\"elementor-element elementor-element-564a451 elementor-widget elementor-widget-hoteller-slider-parallax\" data-id=\"564a451\" data-element_type=\"widget\" data-settings=\"{&quot;hoteller_ext_is_scrollme&quot;:&quot;false&quot;,&quot;hoteller_ext_is_smoove&quot;:&quot;false&quot;,&quot;hoteller_ext_is_parallax_mouse&quot;:&quot;false&quot;,&quot;hoteller_ext_is_infinite&quot;:&quot;false&quot;,&quot;hoteller_ext_is_fadeout_animation&quot;:&quot;false&quot;}\" data-widget_type=\"hoteller-slider-parallax.default\">\n\t\t\t\t<div class=\"elementor-widget-container\">\n\t\t\t<div class=\"slider_parallax_wrapper\" data-autoplay=\"0\" data-pagination=\"0\" data-navigation=\"0\">\n\t<div class=\"slider_parallax_inner\">\n\t\t<div class=\"slider_parallax_slides\">\n\t\t\t\t\t\t<div class=\"slide is-active \">\n\t\t          \t<div class=\"slide-content\">\n\t\t            \t<div class=\"caption\">\n\t\t\t\t\t\t\t<div class=\"title\"><h2>N\u00e1poles Tour<\/h2><\/div>\n\t\t\t\t\t\t\t<div class=\"text\">\n\t\t                \t\t\t\t              \t\t<\/div> \n\t\t\t                \t\t            \t<\/div>\n\t\t          \t<\/div>\n\t\t\t\t  \t<div class=\"image-container\"> \n\t\t            \t<img decoding=\"async\" src=\"https:\/\/www.hoteliaccarino.eu\/es\/wp-content\/uploads\/2023\/04\/Hotel_a_Sorrento_Hotel_Jaccarino_tour_Napoli_hotel_slide.jpg\" alt=\"\" class=\"image\" \/>\n\t\t          \t<\/div>\n\t\t        <\/div>\n\t\t\t\t<\/div>\n\t\t\t    \t<\/div>\n<\/div>\n\t\t<\/div>\n\t\t\t\t<\/div>\n\t\t\t\t\t<\/div>\n\t\t<\/div>\n\t\t\t\t\t\t\t<\/div>\n\t\t<\/section>\n\t\t\t\t<section class=\"elementor-section elementor-top-section elementor-element elementor-element-9864add elementor-section-full_width elementor-section-stretched elementor-section-height-default elementor-section-height-default\" data-id=\"9864add\" data-element_type=\"section\" data-settings=\"{&quot;stretch_section&quot;:&quot;section-stretched&quot;,&quot;hoteller_ext_is_background_parallax&quot;:&quot;false&quot;,&quot;hoteller_ext_is_background_on_scroll&quot;:&quot;false&quot;}\">\n\t\t\t\t\t\t<div class=\"elementor-container elementor-column-gap-default\">\n\t\t\t\t\t<div class=\"elementor-column elementor-col-100 elementor-top-column elementor-element elementor-element-04449f2\" data-id=\"04449f2\" data-element_type=\"column\" data-settings=\"{&quot;hoteller_ext_is_scrollme&quot;:&quot;false&quot;,&quot;hoteller_ext_is_smoove&quot;:&quot;false&quot;,&quot;hoteller_ext_is_parallax_mouse&quot;:&quot;false&quot;,&quot;hoteller_ext_is_infinite&quot;:&quot;false&quot;,&quot;hoteller_ext_is_fadeout_animation&quot;:&quot;false&quot;}\">\n\t\t\t<div class=\"elementor-widget-wrap elementor-element-populated\">\n\t\t\t\t\t\t\t\t<div class=\"elementor-element elementor-element-53cc0fa elementor-widget elementor-widget-shortcode\" data-id=\"53cc0fa\" data-element_type=\"widget\" data-settings=\"{&quot;hoteller_ext_is_scrollme&quot;:&quot;false&quot;,&quot;hoteller_ext_is_smoove&quot;:&quot;false&quot;,&quot;hoteller_ext_is_parallax_mouse&quot;:&quot;false&quot;,&quot;hoteller_ext_is_infinite&quot;:&quot;false&quot;,&quot;hoteller_ext_is_fadeout_animation&quot;:&quot;false&quot;}\" data-widget_type=\"shortcode.default\">\n\t\t\t\t<div class=\"elementor-widget-container\">\n\t\t\t<script>\r\n\tvar $jj = jQuery.noConflict();\r\n\t$jj(function()\r\n\t{\r\n\t\t\t\t$jj.datepicker.regional['it'] = {\r\n\t\t\t\t\tcloseText: 'Chiudi', \/\/ set a close button text\r\n\t\t\t    currentText: 'Oggi', \/\/ set today text\r\n\t\t\t    monthNames: ['Gennaio','Febbraio','Marzo','Aprile','Maggio','Giugno',   'Luglio','Agosto','Settembre','Ottobre','Novembre','Dicembre'], \/\/ set month names\r\n\t\t\t    monthNamesShort: ['Gen','Feb','Mar','Apr','Mag','Giu','Lug','Ago','Set','Ott','Nov','Dic'], \/\/ set short month names\r\n\t\t\t    dayNames: ['Domenica','Luned&#236','Marted&#236','Mercoled&#236','Gioved&#236','Venerd&#236','Sabato'], \/\/ set days names\r\n\t\t\t    dayNamesShort: ['Dom','Lun','Mar','Mer','Gio','Ven','Sab'], \/\/ set short day names\r\n\t\t\t    dayNamesMin: ['Do','Lu','Ma','Me','Gio','Ve','Sa'], \/\/ set more short days names\r\n\t\t\t    dateFormat: 'dd\/mm\/yy' \/\/ set format date\r\n\t\t\t\t};\r\n\t\t$jj.datepicker.setDefaults($jj.datepicker.regional['it']);\r\n\t\t$jj( \"#dataIn\" ).datepicker({\r\n\t\t\t\tdateFormat: \"dd-mm-yy\",\/\/per la lingua  inglese: \"yy-mm-dd\"\r\n\t\t\t\tminDate: new Date(2026, 04 - 1, 20),\r\n\t\t\t\tonClose: function() { setPartenza() }\r\n\t\t\t});\r\n\t\t$jj( \"#dataOut\" ).datepicker({\r\n\t\t\t  regional: \"IT\",\r\n\t\t\t\tdateFormat: \"dd-mm-yy\",\/\/per la lingua  inglese: \"yy-mm-dd\"\r\n\t\t\t\tminDate: new Date(2026, 04 - 1, 20)\r\n\t\t\t});\r\n\t});\r\n\r\n\r\n\tfunction Obbligatorio()\r\n\t{\r\n\t\tcontrolla('frmRicercaDisponibilitaPortale');\r\n\t};\r\n\/\/javascript:controlla(\".'\"frmRicercaDisponibilitaPortale\"'.\");\r\n<\/script>\r\n<script type=\"text\/javascript\">\r\n\tfunction setPartenza()\r\n\t{\r\n\t\tDate.prototype.addDays = function(intDays) {this.setDate(this.getDate() + intDays);}\r\n\t\tdataArrivo = document.getElementById(\"dataIn\").value;\r\n\t\tdA = dataArrivo.split(\"-\");\r\n\r\n\t\tif('it'=='it')\r\n\t\t\tdata = new Date(dA[1]+\"\/\"+dA[0]+\"\/\"+dA[2]);\r\n\t\telse\r\n\t\t\tdata = new Date(dA[1]+\"\/\"+dA[2]+\"\/\"+dA[0]);\r\n\r\n\t\tdata.addDays(1);\r\n\r\n\t\tif(data.getDate()<10) {\tdd = \"0\"+data.getDate(); } else\t{ dd = data.getDate(); }\r\n\t\tif(data.getMonth()<9) { mm = \"0\"+(data.getMonth()+1); } else { mm = data.getMonth()+1; }\r\n\r\n\t\tif('it'=='it')\r\n\t\t\tdocument.getElementById(\"dataOut\").value = dd+\"-\"+mm+\"-\"+data.getFullYear();\r\n\t\telse\r\n\t\t\tdocument.getElementById(\"dataOut\").value = data.getFullYear()+\"-\"+mm+\"-\"+dd;\r\n\t}\r\n\r\n\r\n\tfunction controlla(id)\r\n\t{\r\n\t\tvar form = document.getElementById(id);\r\n\t\tdataArr  = form.dataIn.value;\r\n\t\tdataPart = form.dataOut.value;\r\n\r\n\t\tdA = dataArr.split(\"-\");\r\n\t\tdP = dataPart.split(\"-\");\r\n\r\n\t\tif(dA[0].length < 2) { dA[0] = \"0\"+dA[0]; }\r\n\t\tif(dA[1].length < 2) { dA[1] = \"0\"+dA[1]; }\r\n\r\n\t\tdataArrivo   = dA[2]+dA[1]+dA[0];\r\n\t\tdataPartenza = dP[2]+dP[1]+dP[0];\r\n\r\n\t\tif(dataPartenza <= dataArrivo) {\r\n\t\t\talert(\"Attenzione! La data partenza deve essere superiore della data arrivo.\");\r\n\t\t  \treturn false;\r\n\t\t}\r\n\t\telse\r\n\t\t{\r\n\t\t\tform.submit();\r\n\t\t}\r\n\t}\r\n<\/script>\r\n\t\t<div class=\"elementor-shortcode\"><HTML> <meta name='viewport' content='width=device-width, initial-scale=1, minimum-scale=1, maximum-scale=1'><link href='https:\/\/hoteliaccarino.eu\/es\/booking\/css\/book_form_date.css' rel='stylesheet' type='text\/css' media='all' \/>\r\n\t\t\t\t <link href='https:\/\/hoteliaccarino.eu\/es\/booking\/css\/jquery-ui-1.10.4.custom.css' rel='stylesheet'>\r\n\t\t\t\t <script src='https:\/\/hoteliaccarino.eu\/es\/booking\/js\/jquery-ui-1.10.4.custom.js'><\/script><div class='square-box'>\r\n    \t\t\t<div class='square-content'>\r\n\t\t\t\t\t\t<form target='_black' name='frmRicercaDisponibilitaPortale' id='frmRicercaDisponibilitaPortale' method='post' action='https:\/\/w1.myalb.it\/booking\/v5\/index.php' onSubmit='return controlla(this)'>\t\t\t<div id='booking-in'>\r\n\t \t\t\t\t\t\t\t<input type='hidden' name='hcid' value='67rd5f0f1m617585750b45c65678beg1'>\r\n\t\t\t          <input type='hidden' name='view' value='step1'>\r\n\t\t\t \t\t\t\t\t<input type='hidden' name='lang' value='en'>\r\n\t\t\t \t\t\t\t\t<span id='arrivo_trigger'>\r\n\t\t\t\t\t\t\t\t\t<!--<label>Arrivo<\/label>--> <input type='text' name='dataIn' id='dataIn' size='10' readonly placeholder='llegada' value='21-04-2026'>&nbsp;<!--<img id='img-cal-a' src='images\/showcal.gif' align='absbottom'>-->\r\n\t\t\t\t\t\t\t\t<\/span>\r\n \t\t\t\t\t\t\t\t<span id='partenza_trigger'>\r\n\t\t\t\t\t\t\t\t\t<!--<label>Partenza<\/label>--> <input type='text' name='dataOut' id='dataOut' size='10' placeholder='salida' readonly value='22-04-2026'>&nbsp;<!--<img id='img-cal-p' src='images\/showcal.gif' align='absbottom'>-->\r\n\t\t\t\t\t\t\t\t<\/span>\r\n\t\t\t\t\t\t\t<\/div>\t\t\t<div id='blocco-destro'>\r\n\t\t\t\t\t\t\t\t<span id='persone'>\r\n\t\t\t\t\t\t\t\t\t<!--<label>People<\/label>--><input type='number' id='adulti' name='adulti' placeholder='Gente' size='3' maxlength='2' max= '4' min='1' \/>\r\n\t\t\t\t\t\t\t\t<\/span>\r\n\t\t\t\t\t\t\t\t<span id='book-search'>\r\n\t\t\t\t\t\t\t\t\t<a id='cerca' onclick='javascript:Obbligatorio();'>B\u00fasqueda<\/a>\r\n\t\t\t\t\t\t\t\t<\/span>\r\n\t\t\t\t\t\t\t<\/div>\t\t<\/form>\r\n\t\t\t\t\t<\/div>\r\n\t\t\t\t<\/div><\/HTML><\/div>\n\t\t\t\t<\/div>\n\t\t\t\t<\/div>\n\t\t\t\t\t<\/div>\n\t\t<\/div>\n\t\t\t\t\t\t\t<\/div>\n\t\t<\/section>\n\t\t\t\t<section class=\"elementor-section elementor-top-section elementor-element elementor-element-3f117d1 elementor-section-boxed elementor-section-height-default elementor-section-height-default\" data-id=\"3f117d1\" data-element_type=\"section\" data-settings=\"{&quot;hoteller_ext_is_background_parallax&quot;:&quot;false&quot;,&quot;hoteller_ext_is_background_on_scroll&quot;:&quot;false&quot;}\">\n\t\t\t\t\t\t<div class=\"elementor-container elementor-column-gap-default\">\n\t\t\t\t\t<div class=\"elementor-column elementor-col-100 elementor-top-column elementor-element elementor-element-1deb20d\" data-id=\"1deb20d\" data-element_type=\"column\" data-settings=\"{&quot;hoteller_ext_is_scrollme&quot;:&quot;false&quot;,&quot;hoteller_ext_is_smoove&quot;:&quot;false&quot;,&quot;hoteller_ext_is_parallax_mouse&quot;:&quot;false&quot;,&quot;hoteller_ext_is_infinite&quot;:&quot;false&quot;,&quot;hoteller_ext_is_fadeout_animation&quot;:&quot;false&quot;}\">\n\t\t\t<div class=\"elementor-widget-wrap elementor-element-populated\">\n\t\t\t\t\t\t\t\t<div class=\"elementor-element elementor-element-83bf5de elementor-invisible elementor-widget elementor-widget-heading\" data-id=\"83bf5de\" data-element_type=\"widget\" data-settings=\"{&quot;_animation&quot;:&quot;fadeInUp&quot;,&quot;hoteller_ext_is_scrollme&quot;:&quot;false&quot;,&quot;hoteller_ext_is_smoove&quot;:&quot;false&quot;,&quot;hoteller_ext_is_parallax_mouse&quot;:&quot;false&quot;,&quot;hoteller_ext_is_infinite&quot;:&quot;false&quot;,&quot;hoteller_ext_is_fadeout_animation&quot;:&quot;false&quot;}\" data-widget_type=\"heading.default\">\n\t\t\t\t<div class=\"elementor-widget-container\">\n\t\t\t<h2 class=\"elementor-heading-title elementor-size-default\">N\u00e1poles Tour<\/h2>\t\t<\/div>\n\t\t\t\t<\/div>\n\t\t\t\t<div class=\"elementor-element elementor-element-da30eed elementor-widget elementor-widget-spacer\" data-id=\"da30eed\" data-element_type=\"widget\" data-settings=\"{&quot;hoteller_ext_is_scrollme&quot;:&quot;false&quot;,&quot;hoteller_ext_is_smoove&quot;:&quot;false&quot;,&quot;hoteller_ext_is_parallax_mouse&quot;:&quot;false&quot;,&quot;hoteller_ext_is_infinite&quot;:&quot;false&quot;,&quot;hoteller_ext_is_fadeout_animation&quot;:&quot;false&quot;}\" data-widget_type=\"spacer.default\">\n\t\t\t\t<div class=\"elementor-widget-container\">\n\t\t\t\t\t<div class=\"elementor-spacer\">\n\t\t\t<div class=\"elementor-spacer-inner\"><\/div>\n\t\t<\/div>\n\t\t\t\t<\/div>\n\t\t\t\t<\/div>\n\t\t\t\t<div class=\"elementor-element elementor-element-35cc136 elementor-invisible elementor-widget elementor-widget-text-editor\" data-id=\"35cc136\" data-element_type=\"widget\" data-settings=\"{&quot;_animation&quot;:&quot;fadeInUp&quot;,&quot;_animation_delay&quot;:100,&quot;hoteller_ext_is_scrollme&quot;:&quot;false&quot;,&quot;hoteller_ext_is_smoove&quot;:&quot;false&quot;,&quot;hoteller_ext_is_parallax_mouse&quot;:&quot;false&quot;,&quot;hoteller_ext_is_infinite&quot;:&quot;false&quot;,&quot;hoteller_ext_is_fadeout_animation&quot;:&quot;false&quot;}\" data-widget_type=\"text-editor.default\">\n\t\t\t\t<div class=\"elementor-widget-container\">\n\t\t\t\t\t\t\tNaples is the mirror of the different characters of its people. Cozy, warm and colorful, it has the charm of its long past. Spaccanapoli is the historical center of Greco-Roman with shops of artisans, antiques, religious objects and jewelry along the typical streets. The chapel of the treasure of San Gennaro, part of the main church (Duomo), is the most famous church in Naples. In September, the relics of the blood of San Gennaro are exhibited and people wait for hours waiting for the miracle of the liquefaction of the Saint&#8217;s blood. Piazza Municipio is dominated by the Castel Nuovo or Maschio Angioino. The work of the fortress began in 1279 and has a trapezoidal base with 5 cylindrical towers. The entrance to the castle is surmounted by a beautiful Arc de Triomphe. The Galleria Umberto l, built between 1887 and 1890, has a pleasant atmosphere with its inlaid marble floor and iron and glass covering. The Teatro San Carlo is the oldest in the world and was inaugurated in November 1737. Piazza del Plebiscito is a huge square with neoclassical colonnades and the church of San Francesco di Paola in the center. The National Archaeological Museum is a very important museum of classical archeology and houses mosaics, jewelry, paintings and objects from the excavations of Pompi and Herculaneum. The Egyptian collection, collections of cameos and gems, bronze and marble statues and the Secret Cabinet are just a small part of the treasures of this museum. Naples is easily reachable by train (Circumvesuviana &#8211; www.vesuviana.it) from Sorreno. The journey takes 70 minutes and the trains have a regular schedule. By hydrofoil from Sorrento and the journey takes 40 minutes.\t\t\t\t\t\t<\/div>\n\t\t\t\t<\/div>\n\t\t\t\t<div class=\"elementor-element elementor-element-ab58a2d elementor-invisible elementor-widget elementor-widget-image\" data-id=\"ab58a2d\" data-element_type=\"widget\" data-settings=\"{&quot;_animation&quot;:&quot;fadeInUp&quot;,&quot;_animation_delay&quot;:200,&quot;hoteller_image_is_animation&quot;:&quot;false&quot;,&quot;hoteller_ext_is_scrollme&quot;:&quot;false&quot;,&quot;hoteller_ext_is_smoove&quot;:&quot;false&quot;,&quot;hoteller_ext_is_parallax_mouse&quot;:&quot;false&quot;,&quot;hoteller_ext_is_infinite&quot;:&quot;false&quot;,&quot;hoteller_ext_is_fadeout_animation&quot;:&quot;false&quot;}\" data-widget_type=\"image.default\">\n\t\t\t\t<div class=\"elementor-widget-container\">\n\t\t\t\t\t\t\t\t\t\t\t\t\t\t\t<img loading=\"lazy\" decoding=\"async\" width=\"664\" height=\"208\" src=\"https:\/\/www.hoteliaccarino.eu\/es\/wp-content\/uploads\/2023\/04\/napolibig.jpg\" class=\"attachment-full size-full\" alt=\"\" \/>\t\t\t\t\t\t\t\t\t\t\t\t\t\t\t<\/div>\n\t\t\t\t<\/div>\n\t\t\t\t<div class=\"elementor-element elementor-element-a7b958d elementor-aspect-ratio-169 elementor-widget elementor-widget-video\" data-id=\"a7b958d\" data-element_type=\"widget\" data-settings=\"{&quot;youtube_url&quot;:&quot;https:\\\/\\\/www.youtube.com\\\/watch?v=3Owt3UzR8k4&amp;embeds_euri=https%3A%2F%2Fwww.hoteliaccarino.it%2F&amp;feature=emb_imp_woyt&quot;,&quot;yt_privacy&quot;:&quot;yes&quot;,&quot;lazy_load&quot;:&quot;yes&quot;,&quot;video_type&quot;:&quot;youtube&quot;,&quot;controls&quot;:&quot;yes&quot;,&quot;aspect_ratio&quot;:&quot;169&quot;,&quot;hoteller_ext_is_scrollme&quot;:&quot;false&quot;,&quot;hoteller_ext_is_smoove&quot;:&quot;false&quot;,&quot;hoteller_ext_is_parallax_mouse&quot;:&quot;false&quot;,&quot;hoteller_ext_is_infinite&quot;:&quot;false&quot;,&quot;hoteller_ext_is_fadeout_animation&quot;:&quot;false&quot;}\" data-widget_type=\"video.default\">\n\t\t\t\t<div class=\"elementor-widget-container\">\n\t\t\t\t\t<div class=\"elementor-wrapper elementor-fit-aspect-ratio elementor-open-inline\">\n\t\t\t<div class=\"elementor-video\"><\/div>\t\t<\/div>\n\t\t\t\t<\/div>\n\t\t\t\t<\/div>\n\t\t\t\t\t<\/div>\n\t\t<\/div>\n\t\t\t\t\t\t\t<\/div>\n\t\t<\/section>\n\t\t\t\t\t\t<\/div>\n\t\t\t\t\t<\/div>\n\t\t","protected":false},"excerpt":{"rendered":"<p>N\u00e1poles Tour N\u00e1poles Tour Naples is the mirror of the different characters of its people. Cozy, warm and colorful, it has the charm of its long past. Spaccanapoli is the historical center of Greco-Roman with shops of artisans, antiques, religious [&hellip;]<\/p>\n","protected":false},"author":1,"featured_media":8021,"parent":0,"menu_order":0,"comment_status":"closed","ping_status":"closed","template":"","meta":{"footnotes":""},"class_list":["post-8695","page","type-page","status-publish","has-post-thumbnail","hentry"],"yoast_head":"<!-- This site is optimized with the Yoast SEO plugin v25.0 - https:\/\/yoast.com\/wordpress\/plugins\/seo\/ -->\n<title>N\u00e1poles Tour Hotel Sant&#039;Agata Sui Due Golfi | Hotel Jaccarino<\/title>\n<meta name=\"description\" content=\"N\u00e1poles Tour Hotel Sant&#039;Agata Sui Due Golfi | Hotel Jaccarino | Hotel de 4 estrellas. El hotel ofrece incre\u00edbles excursiones a N\u00e1poles.\" \/>\n<meta name=\"robots\" content=\"index, follow, max-snippet:-1, max-image-preview:large, max-video-preview:-1\" \/>\n<link rel=\"canonical\" href=\"https:\/\/www.hoteliaccarino.eu\/es\/napoles-tour-de-la-costa-de-sorrento\/\" \/>\n<meta property=\"og:locale\" content=\"it_IT\" \/>\n<meta property=\"og:type\" content=\"article\" \/>\n<meta property=\"og:title\" content=\"N\u00e1poles Tour Hotel Sant&#039;Agata Sui Due Golfi | Hotel Jaccarino\" \/>\n<meta property=\"og:description\" content=\"N\u00e1poles Tour Hotel Sant&#039;Agata Sui Due Golfi | Hotel Jaccarino | Hotel de 4 estrellas. El hotel ofrece incre\u00edbles excursiones a N\u00e1poles.\" \/>\n<meta property=\"og:url\" content=\"https:\/\/www.hoteliaccarino.eu\/es\/napoles-tour-de-la-costa-de-sorrento\/\" \/>\n<meta property=\"og:site_name\" content=\"Hotel Iaccarino\" \/>\n<meta property=\"article:modified_time\" content=\"2023-09-01T09:19:40+00:00\" \/>\n<meta property=\"og:image\" content=\"https:\/\/www.hoteliaccarino.eu\/es\/wp-content\/uploads\/2023\/04\/napolibig.jpg\" \/>\n\t<meta property=\"og:image:width\" content=\"664\" \/>\n\t<meta property=\"og:image:height\" content=\"208\" \/>\n\t<meta property=\"og:image:type\" content=\"image\/jpeg\" \/>\n<meta name=\"twitter:card\" content=\"summary_large_image\" \/>\n<meta name=\"twitter:label1\" content=\"Tempo di lettura stimato\" \/>\n\t<meta name=\"twitter:data1\" content=\"2 minuti\" \/>\n<script type=\"application\/ld+json\" class=\"yoast-schema-graph\">{\"@context\":\"https:\/\/schema.org\",\"@graph\":[{\"@type\":\"WebPage\",\"@id\":\"https:\/\/www.hoteliaccarino.eu\/es\/napoles-tour-de-la-costa-de-sorrento\/\",\"url\":\"https:\/\/www.hoteliaccarino.eu\/es\/napoles-tour-de-la-costa-de-sorrento\/\",\"name\":\"N\u00e1poles Tour Hotel Sant'Agata Sui Due Golfi | Hotel Jaccarino\",\"isPartOf\":{\"@id\":\"https:\/\/www.hoteliaccarino.eu\/es\/#website\"},\"primaryImageOfPage\":{\"@id\":\"https:\/\/www.hoteliaccarino.eu\/es\/napoles-tour-de-la-costa-de-sorrento\/#primaryimage\"},\"image\":{\"@id\":\"https:\/\/www.hoteliaccarino.eu\/es\/napoles-tour-de-la-costa-de-sorrento\/#primaryimage\"},\"thumbnailUrl\":\"https:\/\/www.hoteliaccarino.eu\/es\/wp-content\/uploads\/2023\/04\/napolibig.jpg\",\"datePublished\":\"2023-09-01T09:15:58+00:00\",\"dateModified\":\"2023-09-01T09:19:40+00:00\",\"description\":\"N\u00e1poles Tour Hotel Sant'Agata Sui Due Golfi | Hotel Jaccarino | Hotel de 4 estrellas. El hotel ofrece incre\u00edbles excursiones a N\u00e1poles.\",\"breadcrumb\":{\"@id\":\"https:\/\/www.hoteliaccarino.eu\/es\/napoles-tour-de-la-costa-de-sorrento\/#breadcrumb\"},\"inLanguage\":\"it-IT\",\"potentialAction\":[{\"@type\":\"ReadAction\",\"target\":[\"https:\/\/www.hoteliaccarino.eu\/es\/napoles-tour-de-la-costa-de-sorrento\/\"]}]},{\"@type\":\"ImageObject\",\"inLanguage\":\"it-IT\",\"@id\":\"https:\/\/www.hoteliaccarino.eu\/es\/napoles-tour-de-la-costa-de-sorrento\/#primaryimage\",\"url\":\"https:\/\/www.hoteliaccarino.eu\/es\/wp-content\/uploads\/2023\/04\/napolibig.jpg\",\"contentUrl\":\"https:\/\/www.hoteliaccarino.eu\/es\/wp-content\/uploads\/2023\/04\/napolibig.jpg\",\"width\":664,\"height\":208},{\"@type\":\"BreadcrumbList\",\"@id\":\"https:\/\/www.hoteliaccarino.eu\/es\/napoles-tour-de-la-costa-de-sorrento\/#breadcrumb\",\"itemListElement\":[{\"@type\":\"ListItem\",\"position\":1,\"name\":\"Home\",\"item\":\"https:\/\/www.hoteliaccarino.it\/it\/\"},{\"@type\":\"ListItem\",\"position\":2,\"name\":\"N\u00e1poles Tour ES\"}]},{\"@type\":\"WebSite\",\"@id\":\"https:\/\/www.hoteliaccarino.eu\/es\/#website\",\"url\":\"https:\/\/www.hoteliaccarino.eu\/es\/\",\"name\":\"Hotel Iaccarino\",\"description\":\"Hotel a Sorrento\",\"potentialAction\":[{\"@type\":\"SearchAction\",\"target\":{\"@type\":\"EntryPoint\",\"urlTemplate\":\"https:\/\/www.hoteliaccarino.eu\/es\/?s={search_term_string}\"},\"query-input\":{\"@type\":\"PropertyValueSpecification\",\"valueRequired\":true,\"valueName\":\"search_term_string\"}}],\"inLanguage\":\"it-IT\"}]}<\/script>\n<!-- \/ Yoast SEO plugin. -->","yoast_head_json":{"title":"N\u00e1poles Tour Hotel Sant'Agata Sui Due Golfi | Hotel Jaccarino","description":"N\u00e1poles Tour Hotel Sant'Agata Sui Due Golfi | Hotel Jaccarino | Hotel de 4 estrellas. El hotel ofrece incre\u00edbles excursiones a N\u00e1poles.","robots":{"index":"index","follow":"follow","max-snippet":"max-snippet:-1","max-image-preview":"max-image-preview:large","max-video-preview":"max-video-preview:-1"},"canonical":"https:\/\/www.hoteliaccarino.eu\/es\/napoles-tour-de-la-costa-de-sorrento\/","og_locale":"it_IT","og_type":"article","og_title":"N\u00e1poles Tour Hotel Sant'Agata Sui Due Golfi | Hotel Jaccarino","og_description":"N\u00e1poles Tour Hotel Sant'Agata Sui Due Golfi | Hotel Jaccarino | Hotel de 4 estrellas. El hotel ofrece incre\u00edbles excursiones a N\u00e1poles.","og_url":"https:\/\/www.hoteliaccarino.eu\/es\/napoles-tour-de-la-costa-de-sorrento\/","og_site_name":"Hotel Iaccarino","article_modified_time":"2023-09-01T09:19:40+00:00","og_image":[{"width":664,"height":208,"url":"https:\/\/www.hoteliaccarino.eu\/es\/wp-content\/uploads\/2023\/04\/napolibig.jpg","type":"image\/jpeg"}],"twitter_card":"summary_large_image","twitter_misc":{"Tempo di lettura stimato":"2 minuti"},"schema":{"@context":"https:\/\/schema.org","@graph":[{"@type":"WebPage","@id":"https:\/\/www.hoteliaccarino.eu\/es\/napoles-tour-de-la-costa-de-sorrento\/","url":"https:\/\/www.hoteliaccarino.eu\/es\/napoles-tour-de-la-costa-de-sorrento\/","name":"N\u00e1poles Tour Hotel Sant'Agata Sui Due Golfi | Hotel Jaccarino","isPartOf":{"@id":"https:\/\/www.hoteliaccarino.eu\/es\/#website"},"primaryImageOfPage":{"@id":"https:\/\/www.hoteliaccarino.eu\/es\/napoles-tour-de-la-costa-de-sorrento\/#primaryimage"},"image":{"@id":"https:\/\/www.hoteliaccarino.eu\/es\/napoles-tour-de-la-costa-de-sorrento\/#primaryimage"},"thumbnailUrl":"https:\/\/www.hoteliaccarino.eu\/es\/wp-content\/uploads\/2023\/04\/napolibig.jpg","datePublished":"2023-09-01T09:15:58+00:00","dateModified":"2023-09-01T09:19:40+00:00","description":"N\u00e1poles Tour Hotel Sant'Agata Sui Due Golfi | Hotel Jaccarino | Hotel de 4 estrellas. El hotel ofrece incre\u00edbles excursiones a N\u00e1poles.","breadcrumb":{"@id":"https:\/\/www.hoteliaccarino.eu\/es\/napoles-tour-de-la-costa-de-sorrento\/#breadcrumb"},"inLanguage":"it-IT","potentialAction":[{"@type":"ReadAction","target":["https:\/\/www.hoteliaccarino.eu\/es\/napoles-tour-de-la-costa-de-sorrento\/"]}]},{"@type":"ImageObject","inLanguage":"it-IT","@id":"https:\/\/www.hoteliaccarino.eu\/es\/napoles-tour-de-la-costa-de-sorrento\/#primaryimage","url":"https:\/\/www.hoteliaccarino.eu\/es\/wp-content\/uploads\/2023\/04\/napolibig.jpg","contentUrl":"https:\/\/www.hoteliaccarino.eu\/es\/wp-content\/uploads\/2023\/04\/napolibig.jpg","width":664,"height":208},{"@type":"BreadcrumbList","@id":"https:\/\/www.hoteliaccarino.eu\/es\/napoles-tour-de-la-costa-de-sorrento\/#breadcrumb","itemListElement":[{"@type":"ListItem","position":1,"name":"Home","item":"https:\/\/www.hoteliaccarino.it\/it\/"},{"@type":"ListItem","position":2,"name":"N\u00e1poles Tour ES"}]},{"@type":"WebSite","@id":"https:\/\/www.hoteliaccarino.eu\/es\/#website","url":"https:\/\/www.hoteliaccarino.eu\/es\/","name":"Hotel Iaccarino","description":"Hotel a Sorrento","potentialAction":[{"@type":"SearchAction","target":{"@type":"EntryPoint","urlTemplate":"https:\/\/www.hoteliaccarino.eu\/es\/?s={search_term_string}"},"query-input":{"@type":"PropertyValueSpecification","valueRequired":true,"valueName":"search_term_string"}}],"inLanguage":"it-IT"}]}},"_links":{"self":[{"href":"https:\/\/www.hoteliaccarino.eu\/es\/wp-json\/wp\/v2\/pages\/8695","targetHints":{"allow":["GET"]}}],"collection":[{"href":"https:\/\/www.hoteliaccarino.eu\/es\/wp-json\/wp\/v2\/pages"}],"about":[{"href":"https:\/\/www.hoteliaccarino.eu\/es\/wp-json\/wp\/v2\/types\/page"}],"author":[{"embeddable":true,"href":"https:\/\/www.hoteliaccarino.eu\/es\/wp-json\/wp\/v2\/users\/1"}],"replies":[{"embeddable":true,"href":"https:\/\/www.hoteliaccarino.eu\/es\/wp-json\/wp\/v2\/comments?post=8695"}],"version-history":[{"count":4,"href":"https:\/\/www.hoteliaccarino.eu\/es\/wp-json\/wp\/v2\/pages\/8695\/revisions"}],"predecessor-version":[{"id":8699,"href":"https:\/\/www.hoteliaccarino.eu\/es\/wp-json\/wp\/v2\/pages\/8695\/revisions\/8699"}],"wp:featuredmedia":[{"embeddable":true,"href":"https:\/\/www.hoteliaccarino.eu\/es\/wp-json\/wp\/v2\/media\/8021"}],"wp:attachment":[{"href":"https:\/\/www.hoteliaccarino.eu\/es\/wp-json\/wp\/v2\/media?parent=8695"}],"curies":[{"name":"wp","href":"https:\/\/api.w.org\/{rel}","templated":true}]}}