{"id":8565,"date":"2023-07-23T16:10:28","date_gmt":"2023-07-23T14:10:28","guid":{"rendered":"https:\/\/bk1.myalb.it\/hoteliaccarino.it\/it\/?page_id=8565"},"modified":"2023-07-23T16:11:38","modified_gmt":"2023-07-23T14:11:38","slug":"tour-de-sorrente-de-la-cote-du-sorrento","status":"publish","type":"page","link":"https:\/\/www.hoteliaccarino.eu\/fr\/tour-de-sorrente-de-la-cote-du-sorrento\/","title":{"rendered":"Tour de Sorrente FR"},"content":{"rendered":"\t\t<div data-elementor-type=\"wp-page\" data-elementor-id=\"8565\" class=\"elementor elementor-8565\" data-elementor-settings=\"[]\">\n\t\t\t\t\t\t\t<div class=\"elementor-section-wrap\">\n\t\t\t\t\t\t\t<section class=\"elementor-section elementor-top-section elementor-element elementor-element-bf3eea0 elementor-section-full_width elementor-section-content-top elementor-section-stretched elementor-section-height-default elementor-section-height-default\" data-id=\"bf3eea0\" data-element_type=\"section\" data-settings=\"{&quot;stretch_section&quot;:&quot;section-stretched&quot;,&quot;hoteller_ext_is_background_parallax&quot;:&quot;false&quot;,&quot;hoteller_ext_is_background_on_scroll&quot;:&quot;false&quot;}\">\n\t\t\t\t\t\t<div class=\"elementor-container elementor-column-gap-default\">\n\t\t\t\t\t<div class=\"elementor-column elementor-col-100 elementor-top-column elementor-element elementor-element-47de9b1\" data-id=\"47de9b1\" data-element_type=\"column\" data-settings=\"{&quot;hoteller_ext_is_scrollme&quot;:&quot;false&quot;,&quot;hoteller_ext_is_smoove&quot;:&quot;false&quot;,&quot;hoteller_ext_is_parallax_mouse&quot;:&quot;false&quot;,&quot;hoteller_ext_is_infinite&quot;:&quot;false&quot;,&quot;hoteller_ext_is_fadeout_animation&quot;:&quot;false&quot;}\">\n\t\t\t<div class=\"elementor-widget-wrap elementor-element-populated\">\n\t\t\t\t\t\t\t\t<div class=\"elementor-element elementor-element-564a451 elementor-widget elementor-widget-hoteller-slider-parallax\" data-id=\"564a451\" data-element_type=\"widget\" data-settings=\"{&quot;hoteller_ext_is_scrollme&quot;:&quot;false&quot;,&quot;hoteller_ext_is_smoove&quot;:&quot;false&quot;,&quot;hoteller_ext_is_parallax_mouse&quot;:&quot;false&quot;,&quot;hoteller_ext_is_infinite&quot;:&quot;false&quot;,&quot;hoteller_ext_is_fadeout_animation&quot;:&quot;false&quot;}\" data-widget_type=\"hoteller-slider-parallax.default\">\n\t\t\t\t<div class=\"elementor-widget-container\">\n\t\t\t<div class=\"slider_parallax_wrapper\" data-autoplay=\"0\" data-pagination=\"0\" data-navigation=\"0\">\n\t<div class=\"slider_parallax_inner\">\n\t\t<div class=\"slider_parallax_slides\">\n\t\t\t\t\t\t<div class=\"slide is-active \">\n\t\t          \t<div class=\"slide-content\">\n\t\t            \t<div class=\"caption\">\n\t\t\t\t\t\t\t<div class=\"title\"><h2>Tour de Sorrente<\/h2><\/div>\n\t\t\t\t\t\t\t<div class=\"text\">\n\t\t                \t\t\t\t              \t\t<\/div> \n\t\t\t                \t\t            \t<\/div>\n\t\t          \t<\/div>\n\t\t\t\t  \t<div class=\"image-container\"> \n\t\t            \t<img decoding=\"async\" src=\"https:\/\/www.hoteliaccarino.eu\/fr\/wp-content\/uploads\/2023\/04\/Hotel_a_Sorrento_Hotel_Jaccarino_tour_Sorrento_hotel_slide.jpg\" alt=\"\" class=\"image\" \/>\n\t\t          \t<\/div>\n\t\t        <\/div>\n\t\t\t\t<\/div>\n\t\t\t    \t<\/div>\n<\/div>\n\t\t<\/div>\n\t\t\t\t<\/div>\n\t\t\t\t\t<\/div>\n\t\t<\/div>\n\t\t\t\t\t\t\t<\/div>\n\t\t<\/section>\n\t\t\t\t<section class=\"elementor-section elementor-top-section elementor-element elementor-element-9864add elementor-section-full_width elementor-section-stretched elementor-section-height-default elementor-section-height-default\" data-id=\"9864add\" data-element_type=\"section\" data-settings=\"{&quot;stretch_section&quot;:&quot;section-stretched&quot;,&quot;hoteller_ext_is_background_parallax&quot;:&quot;false&quot;,&quot;hoteller_ext_is_background_on_scroll&quot;:&quot;false&quot;}\">\n\t\t\t\t\t\t<div class=\"elementor-container elementor-column-gap-default\">\n\t\t\t\t\t<div class=\"elementor-column elementor-col-100 elementor-top-column elementor-element elementor-element-04449f2\" data-id=\"04449f2\" data-element_type=\"column\" data-settings=\"{&quot;hoteller_ext_is_scrollme&quot;:&quot;false&quot;,&quot;hoteller_ext_is_smoove&quot;:&quot;false&quot;,&quot;hoteller_ext_is_parallax_mouse&quot;:&quot;false&quot;,&quot;hoteller_ext_is_infinite&quot;:&quot;false&quot;,&quot;hoteller_ext_is_fadeout_animation&quot;:&quot;false&quot;}\">\n\t\t\t<div class=\"elementor-widget-wrap elementor-element-populated\">\n\t\t\t\t\t\t\t\t<div class=\"elementor-element elementor-element-53cc0fa elementor-widget elementor-widget-shortcode\" data-id=\"53cc0fa\" data-element_type=\"widget\" data-settings=\"{&quot;hoteller_ext_is_scrollme&quot;:&quot;false&quot;,&quot;hoteller_ext_is_smoove&quot;:&quot;false&quot;,&quot;hoteller_ext_is_parallax_mouse&quot;:&quot;false&quot;,&quot;hoteller_ext_is_infinite&quot;:&quot;false&quot;,&quot;hoteller_ext_is_fadeout_animation&quot;:&quot;false&quot;}\" data-widget_type=\"shortcode.default\">\n\t\t\t\t<div class=\"elementor-widget-container\">\n\t\t\t<script>\r\n\tvar $jj = jQuery.noConflict();\r\n\t$jj(function()\r\n\t{\r\n\t\t\t\t$jj.datepicker.regional['it'] = {\r\n\t\t\t\t\tcloseText: 'Chiudi', \/\/ set a close button text\r\n\t\t\t    currentText: 'Oggi', \/\/ set today text\r\n\t\t\t    monthNames: ['Gennaio','Febbraio','Marzo','Aprile','Maggio','Giugno',   'Luglio','Agosto','Settembre','Ottobre','Novembre','Dicembre'], \/\/ set month names\r\n\t\t\t    monthNamesShort: ['Gen','Feb','Mar','Apr','Mag','Giu','Lug','Ago','Set','Ott','Nov','Dic'], \/\/ set short month names\r\n\t\t\t    dayNames: ['Domenica','Luned&#236','Marted&#236','Mercoled&#236','Gioved&#236','Venerd&#236','Sabato'], \/\/ set days names\r\n\t\t\t    dayNamesShort: ['Dom','Lun','Mar','Mer','Gio','Ven','Sab'], \/\/ set short day names\r\n\t\t\t    dayNamesMin: ['Do','Lu','Ma','Me','Gio','Ve','Sa'], \/\/ set more short days names\r\n\t\t\t    dateFormat: 'dd\/mm\/yy' \/\/ set format date\r\n\t\t\t\t};\r\n\t\t$jj.datepicker.setDefaults($jj.datepicker.regional['it']);\r\n\t\t$jj( \"#dataIn\" ).datepicker({\r\n\t\t\t\tdateFormat: \"dd-mm-yy\",\/\/per la lingua  inglese: \"yy-mm-dd\"\r\n\t\t\t\tminDate: new Date(2026, 04 - 1, 09),\r\n\t\t\t\tonClose: function() { setPartenza() }\r\n\t\t\t});\r\n\t\t$jj( \"#dataOut\" ).datepicker({\r\n\t\t\t  regional: \"IT\",\r\n\t\t\t\tdateFormat: \"dd-mm-yy\",\/\/per la lingua  inglese: \"yy-mm-dd\"\r\n\t\t\t\tminDate: new Date(2026, 04 - 1, 09)\r\n\t\t\t});\r\n\t});\r\n\r\n\r\n\tfunction Obbligatorio()\r\n\t{\r\n\t\tcontrolla('frmRicercaDisponibilitaPortale');\r\n\t};\r\n\/\/javascript:controlla(\".'\"frmRicercaDisponibilitaPortale\"'.\");\r\n<\/script>\r\n<script type=\"text\/javascript\">\r\n\tfunction setPartenza()\r\n\t{\r\n\t\tDate.prototype.addDays = function(intDays) {this.setDate(this.getDate() + intDays);}\r\n\t\tdataArrivo = document.getElementById(\"dataIn\").value;\r\n\t\tdA = dataArrivo.split(\"-\");\r\n\r\n\t\tif('it'=='it')\r\n\t\t\tdata = new Date(dA[1]+\"\/\"+dA[0]+\"\/\"+dA[2]);\r\n\t\telse\r\n\t\t\tdata = new Date(dA[1]+\"\/\"+dA[2]+\"\/\"+dA[0]);\r\n\r\n\t\tdata.addDays(1);\r\n\r\n\t\tif(data.getDate()<10) {\tdd = \"0\"+data.getDate(); } else\t{ dd = data.getDate(); }\r\n\t\tif(data.getMonth()<9) { mm = \"0\"+(data.getMonth()+1); } else { mm = data.getMonth()+1; }\r\n\r\n\t\tif('it'=='it')\r\n\t\t\tdocument.getElementById(\"dataOut\").value = dd+\"-\"+mm+\"-\"+data.getFullYear();\r\n\t\telse\r\n\t\t\tdocument.getElementById(\"dataOut\").value = data.getFullYear()+\"-\"+mm+\"-\"+dd;\r\n\t}\r\n\r\n\r\n\tfunction controlla(id)\r\n\t{\r\n\t\tvar form = document.getElementById(id);\r\n\t\tdataArr  = form.dataIn.value;\r\n\t\tdataPart = form.dataOut.value;\r\n\r\n\t\tdA = dataArr.split(\"-\");\r\n\t\tdP = dataPart.split(\"-\");\r\n\r\n\t\tif(dA[0].length < 2) { dA[0] = \"0\"+dA[0]; }\r\n\t\tif(dA[1].length < 2) { dA[1] = \"0\"+dA[1]; }\r\n\r\n\t\tdataArrivo   = dA[2]+dA[1]+dA[0];\r\n\t\tdataPartenza = dP[2]+dP[1]+dP[0];\r\n\r\n\t\tif(dataPartenza <= dataArrivo) {\r\n\t\t\talert(\"Attenzione! La data partenza deve essere superiore della data arrivo.\");\r\n\t\t  \treturn false;\r\n\t\t}\r\n\t\telse\r\n\t\t{\r\n\t\t\tform.submit();\r\n\t\t}\r\n\t}\r\n<\/script>\r\n\t\t<div class=\"elementor-shortcode\"><HTML> <meta name='viewport' content='width=device-width, initial-scale=1, minimum-scale=1, maximum-scale=1'><link href='https:\/\/www.hoteliaccarino.eu\/fr\/booking\/css\/book_form_date.css' rel='stylesheet' type='text\/css' media='all' \/>\r\n\t\t\t\t <link href='https:\/\/www.hoteliaccarino.eu\/fr\/booking\/css\/jquery-ui-1.10.4.custom.css' rel='stylesheet'>\r\n\t\t\t\t <script src='https:\/\/www.hoteliaccarino.eu\/fr\/booking\/js\/jquery-ui-1.10.4.custom.js'><\/script><div class='square-box'>\r\n    \t\t\t<div class='square-content'>\r\n\t\t\t\t\t\t<form target='_black' name='frmRicercaDisponibilitaPortale' id='frmRicercaDisponibilitaPortale' method='post' action='https:\/\/w1.myalb.it\/booking\/v5\/index.php' onSubmit='return controlla(this)'>\t\t\t<div id='booking-in'>\r\n\t \t\t\t\t\t\t\t<input type='hidden' name='hcid' value='67rd5f0f1m617585750b45c65678beg1'>\r\n\t\t\t          <input type='hidden' name='view' value='step1'>\r\n\t\t\t \t\t\t\t\t<input type='hidden' name='lang' value='en'>\r\n\t\t\t \t\t\t\t\t<span id='arrivo_trigger'>\r\n\t\t\t\t\t\t\t\t\t<!--<label>Arrivo<\/label>--> <input type='text' name='dataIn' id='dataIn' size='10' readonly placeholder='arriv\u00e9e' value='10-04-2026'>&nbsp;<!--<img id='img-cal-a' src='images\/showcal.gif' align='absbottom'>-->\r\n\t\t\t\t\t\t\t\t<\/span>\r\n \t\t\t\t\t\t\t\t<span id='partenza_trigger'>\r\n\t\t\t\t\t\t\t\t\t<!--<label>Partenza<\/label>--> <input type='text' name='dataOut' id='dataOut' size='10' placeholder='d\u00e9part' readonly value='11-04-2026'>&nbsp;<!--<img id='img-cal-p' src='images\/showcal.gif' align='absbottom'>-->\r\n\t\t\t\t\t\t\t\t<\/span>\r\n\t\t\t\t\t\t\t<\/div>\t\t\t<div id='blocco-destro'>\r\n\t\t\t\t\t\t\t\t<span id='persone'>\r\n\t\t\t\t\t\t\t\t\t<!--<label>People<\/label>--><input type='number' id='adulti' name='adulti' placeholder='Gens' size='3' maxlength='2' max= '4' min='1' \/>\r\n\t\t\t\t\t\t\t\t<\/span>\r\n\t\t\t\t\t\t\t\t<span id='book-search'>\r\n\t\t\t\t\t\t\t\t\t<a id='cerca' onclick='javascript:Obbligatorio();'>recherche<\/a>\r\n\t\t\t\t\t\t\t\t<\/span>\r\n\t\t\t\t\t\t\t<\/div>\t\t<\/form>\r\n\t\t\t\t\t<\/div>\r\n\t\t\t\t<\/div><\/HTML><\/div>\n\t\t\t\t<\/div>\n\t\t\t\t<\/div>\n\t\t\t\t\t<\/div>\n\t\t<\/div>\n\t\t\t\t\t\t\t<\/div>\n\t\t<\/section>\n\t\t\t\t<section class=\"elementor-section elementor-top-section elementor-element elementor-element-3f117d1 elementor-section-boxed elementor-section-height-default elementor-section-height-default\" data-id=\"3f117d1\" data-element_type=\"section\" data-settings=\"{&quot;hoteller_ext_is_background_parallax&quot;:&quot;false&quot;,&quot;hoteller_ext_is_background_on_scroll&quot;:&quot;false&quot;}\">\n\t\t\t\t\t\t<div class=\"elementor-container elementor-column-gap-default\">\n\t\t\t\t\t<div class=\"elementor-column elementor-col-100 elementor-top-column elementor-element elementor-element-1deb20d\" data-id=\"1deb20d\" data-element_type=\"column\" data-settings=\"{&quot;hoteller_ext_is_scrollme&quot;:&quot;false&quot;,&quot;hoteller_ext_is_smoove&quot;:&quot;false&quot;,&quot;hoteller_ext_is_parallax_mouse&quot;:&quot;false&quot;,&quot;hoteller_ext_is_infinite&quot;:&quot;false&quot;,&quot;hoteller_ext_is_fadeout_animation&quot;:&quot;false&quot;}\">\n\t\t\t<div class=\"elementor-widget-wrap elementor-element-populated\">\n\t\t\t\t\t\t\t\t<div class=\"elementor-element elementor-element-83bf5de elementor-invisible elementor-widget elementor-widget-heading\" data-id=\"83bf5de\" data-element_type=\"widget\" data-settings=\"{&quot;_animation&quot;:&quot;fadeInUp&quot;,&quot;hoteller_ext_is_scrollme&quot;:&quot;false&quot;,&quot;hoteller_ext_is_smoove&quot;:&quot;false&quot;,&quot;hoteller_ext_is_parallax_mouse&quot;:&quot;false&quot;,&quot;hoteller_ext_is_infinite&quot;:&quot;false&quot;,&quot;hoteller_ext_is_fadeout_animation&quot;:&quot;false&quot;}\" data-widget_type=\"heading.default\">\n\t\t\t\t<div class=\"elementor-widget-container\">\n\t\t\t<h2 class=\"elementor-heading-title elementor-size-default\">Tour de Sorrente<\/h2>\t\t<\/div>\n\t\t\t\t<\/div>\n\t\t\t\t<div class=\"elementor-element elementor-element-da30eed elementor-widget elementor-widget-spacer\" data-id=\"da30eed\" data-element_type=\"widget\" data-settings=\"{&quot;hoteller_ext_is_scrollme&quot;:&quot;false&quot;,&quot;hoteller_ext_is_smoove&quot;:&quot;false&quot;,&quot;hoteller_ext_is_parallax_mouse&quot;:&quot;false&quot;,&quot;hoteller_ext_is_infinite&quot;:&quot;false&quot;,&quot;hoteller_ext_is_fadeout_animation&quot;:&quot;false&quot;}\" data-widget_type=\"spacer.default\">\n\t\t\t\t<div class=\"elementor-widget-container\">\n\t\t\t\t\t<div class=\"elementor-spacer\">\n\t\t\t<div class=\"elementor-spacer-inner\"><\/div>\n\t\t<\/div>\n\t\t\t\t<\/div>\n\t\t\t\t<\/div>\n\t\t\t\t<div class=\"elementor-element elementor-element-35cc136 elementor-invisible elementor-widget elementor-widget-text-editor\" data-id=\"35cc136\" data-element_type=\"widget\" data-settings=\"{&quot;_animation&quot;:&quot;fadeInUp&quot;,&quot;_animation_delay&quot;:100,&quot;hoteller_ext_is_scrollme&quot;:&quot;false&quot;,&quot;hoteller_ext_is_smoove&quot;:&quot;false&quot;,&quot;hoteller_ext_is_parallax_mouse&quot;:&quot;false&quot;,&quot;hoteller_ext_is_infinite&quot;:&quot;false&quot;,&quot;hoteller_ext_is_fadeout_animation&quot;:&quot;false&quot;}\" data-widget_type=\"text-editor.default\">\n\t\t\t\t<div class=\"elementor-widget-container\">\n\t\t\t\t\t\t\t<p>Sorrento is the most famous resort on the coast and is surrounded by lemon and olive trees. The Roman city was built on the remains of the Greek one and part of the Greek defensive walls are still visible. The main point of life is Piazza Tasso which takes its name from the poet Tasso who wrote the Gerusalemme Liberata. The famous song &#8220;Torna a Surriento&#8221;, written by Gianbattista De Curtis, was composed on the terrace of the Imperial Hotel Tramontano, which gave birth to Tasso in 1544. The Cloister of San Francesco, near the church of the same name dated 1700, is part of the monastery. It consists of crossed arches in tufa and in summer it is the theater of musical events. The Basilica of Sant&#8217;Antonino, the Church of the Rosary, the Church of Carmine, the Church of the Servants of Mary and the Cathedral are the heart of Catholic life. The Sedil Dominava is the seat of the ancient noble seats. It has two lava stone arches, the walls with splendid frescoes and a dome covered with yellow and green majolica. The Museo Correale di Terranova was born from a private foundation commissioned by the Correale brothers. There are permanent displays of 18th-century paintings and furnishings, 19th-century Italian and European clocks, Italian and foreign majolica from the 17th and 18th centuries, Sorrento inlays, an 18th-century Italian and foreign archaeological section and porcelains. The hotel has a free shuttle service until late afternoon (except Sundays).<\/p><p>Sorrento is easily reachable also by bus. The bus stop is right outside the hotel entrance. The journey takes about 10 minutes and the service is regular.<\/p>\t\t\t\t\t\t<\/div>\n\t\t\t\t<\/div>\n\t\t\t\t<div class=\"elementor-element elementor-element-ab58a2d elementor-invisible elementor-widget elementor-widget-image\" data-id=\"ab58a2d\" data-element_type=\"widget\" data-settings=\"{&quot;_animation&quot;:&quot;fadeInUp&quot;,&quot;_animation_delay&quot;:200,&quot;hoteller_image_is_animation&quot;:&quot;false&quot;,&quot;hoteller_ext_is_scrollme&quot;:&quot;false&quot;,&quot;hoteller_ext_is_smoove&quot;:&quot;false&quot;,&quot;hoteller_ext_is_parallax_mouse&quot;:&quot;false&quot;,&quot;hoteller_ext_is_infinite&quot;:&quot;false&quot;,&quot;hoteller_ext_is_fadeout_animation&quot;:&quot;false&quot;}\" data-widget_type=\"image.default\">\n\t\t\t\t<div class=\"elementor-widget-container\">\n\t\t\t\t\t\t\t\t\t\t\t\t\t\t\t<img loading=\"lazy\" decoding=\"async\" width=\"664\" height=\"208\" src=\"https:\/\/www.hoteliaccarino.eu\/fr\/wp-content\/uploads\/2023\/04\/napolibig.jpg\" class=\"attachment-full size-full\" alt=\"\" \/>\t\t\t\t\t\t\t\t\t\t\t\t\t\t\t<\/div>\n\t\t\t\t<\/div>\n\t\t\t\t<div class=\"elementor-element elementor-element-a7b958d elementor-aspect-ratio-169 elementor-widget elementor-widget-video\" data-id=\"a7b958d\" data-element_type=\"widget\" data-settings=\"{&quot;youtube_url&quot;:&quot;https:\\\/\\\/www.youtube.com\\\/watch?v=U_tAxvJD8J8&quot;,&quot;yt_privacy&quot;:&quot;yes&quot;,&quot;lazy_load&quot;:&quot;yes&quot;,&quot;video_type&quot;:&quot;youtube&quot;,&quot;controls&quot;:&quot;yes&quot;,&quot;aspect_ratio&quot;:&quot;169&quot;,&quot;hoteller_ext_is_scrollme&quot;:&quot;false&quot;,&quot;hoteller_ext_is_smoove&quot;:&quot;false&quot;,&quot;hoteller_ext_is_parallax_mouse&quot;:&quot;false&quot;,&quot;hoteller_ext_is_infinite&quot;:&quot;false&quot;,&quot;hoteller_ext_is_fadeout_animation&quot;:&quot;false&quot;}\" data-widget_type=\"video.default\">\n\t\t\t\t<div class=\"elementor-widget-container\">\n\t\t\t\t\t<div class=\"elementor-wrapper elementor-fit-aspect-ratio elementor-open-inline\">\n\t\t\t<div class=\"elementor-video\"><\/div>\t\t<\/div>\n\t\t\t\t<\/div>\n\t\t\t\t<\/div>\n\t\t\t\t\t<\/div>\n\t\t<\/div>\n\t\t\t\t\t\t\t<\/div>\n\t\t<\/section>\n\t\t\t\t\t\t<\/div>\n\t\t\t\t\t<\/div>\n\t\t","protected":false},"excerpt":{"rendered":"<p>Tour de Sorrente Tour de Sorrente Sorrento is the most famous resort on the coast and is surrounded by lemon and olive trees. The Roman city was built on the remains of the Greek one and part of the Greek [&hellip;]<\/p>\n","protected":false},"author":1,"featured_media":8024,"parent":0,"menu_order":0,"comment_status":"closed","ping_status":"closed","template":"","meta":{"footnotes":""},"class_list":["post-8565","page","type-page","status-publish","has-post-thumbnail","hentry"],"yoast_head":"<!-- This site is optimized with the Yoast SEO plugin v25.0 - https:\/\/yoast.com\/wordpress\/plugins\/seo\/ -->\n<title>Tour de Sorrente H\u00f4tel Sant&#039;Agata | H\u00f4tel Jaccarino | H\u00f4tel 4 \u00e9toiles<\/title>\n<meta name=\"description\" content=\"Tour de Sorrente H\u00f4tel Sant&#039;Agata | H\u00f4tel Jaccarino | H\u00f4tel 4 \u00e9toiles. L&#039;h\u00f4tel propose d&#039;incroyables visites de Sorrente.\" \/>\n<meta name=\"robots\" content=\"index, follow, max-snippet:-1, max-image-preview:large, max-video-preview:-1\" \/>\n<link rel=\"canonical\" href=\"https:\/\/www.hoteliaccarino.eu\/fr\/tour-de-sorrente-de-la-cote-du-sorrento\/\" \/>\n<meta property=\"og:locale\" content=\"it_IT\" \/>\n<meta property=\"og:type\" content=\"article\" \/>\n<meta property=\"og:title\" content=\"Tour de Sorrente H\u00f4tel Sant&#039;Agata | H\u00f4tel Jaccarino | H\u00f4tel 4 \u00e9toiles\" \/>\n<meta property=\"og:description\" content=\"Tour de Sorrente H\u00f4tel Sant&#039;Agata | H\u00f4tel Jaccarino | H\u00f4tel 4 \u00e9toiles. L&#039;h\u00f4tel propose d&#039;incroyables visites de Sorrente.\" \/>\n<meta property=\"og:url\" content=\"https:\/\/www.hoteliaccarino.eu\/fr\/tour-de-sorrente-de-la-cote-du-sorrento\/\" \/>\n<meta property=\"og:site_name\" content=\"Hotel Iaccarino\" \/>\n<meta property=\"article:modified_time\" content=\"2023-07-23T14:11:38+00:00\" \/>\n<meta property=\"og:image\" content=\"https:\/\/www.hoteliaccarino.eu\/fr\/wp-content\/uploads\/2023\/04\/sorrentobig.jpg\" \/>\n\t<meta property=\"og:image:width\" content=\"664\" \/>\n\t<meta property=\"og:image:height\" content=\"208\" \/>\n\t<meta property=\"og:image:type\" content=\"image\/jpeg\" \/>\n<meta name=\"twitter:card\" content=\"summary_large_image\" \/>\n<meta name=\"twitter:label1\" content=\"Tempo di lettura stimato\" \/>\n\t<meta name=\"twitter:data1\" content=\"2 minuti\" \/>\n<script type=\"application\/ld+json\" class=\"yoast-schema-graph\">{\"@context\":\"https:\/\/schema.org\",\"@graph\":[{\"@type\":\"WebPage\",\"@id\":\"https:\/\/www.hoteliaccarino.eu\/fr\/tour-de-sorrente-de-la-cote-du-sorrento\/\",\"url\":\"https:\/\/www.hoteliaccarino.eu\/fr\/tour-de-sorrente-de-la-cote-du-sorrento\/\",\"name\":\"Tour de Sorrente H\u00f4tel Sant'Agata | H\u00f4tel Jaccarino | H\u00f4tel 4 \u00e9toiles\",\"isPartOf\":{\"@id\":\"https:\/\/www.hoteliaccarino.eu\/fr\/#website\"},\"primaryImageOfPage\":{\"@id\":\"https:\/\/www.hoteliaccarino.eu\/fr\/tour-de-sorrente-de-la-cote-du-sorrento\/#primaryimage\"},\"image\":{\"@id\":\"https:\/\/www.hoteliaccarino.eu\/fr\/tour-de-sorrente-de-la-cote-du-sorrento\/#primaryimage\"},\"thumbnailUrl\":\"https:\/\/www.hoteliaccarino.eu\/fr\/wp-content\/uploads\/2023\/04\/sorrentobig.jpg\",\"datePublished\":\"2023-07-23T14:10:28+00:00\",\"dateModified\":\"2023-07-23T14:11:38+00:00\",\"description\":\"Tour de Sorrente H\u00f4tel Sant'Agata | H\u00f4tel Jaccarino | H\u00f4tel 4 \u00e9toiles. L'h\u00f4tel propose d'incroyables visites de Sorrente.\",\"breadcrumb\":{\"@id\":\"https:\/\/www.hoteliaccarino.eu\/fr\/tour-de-sorrente-de-la-cote-du-sorrento\/#breadcrumb\"},\"inLanguage\":\"it-IT\",\"potentialAction\":[{\"@type\":\"ReadAction\",\"target\":[\"https:\/\/www.hoteliaccarino.eu\/fr\/tour-de-sorrente-de-la-cote-du-sorrento\/\"]}]},{\"@type\":\"ImageObject\",\"inLanguage\":\"it-IT\",\"@id\":\"https:\/\/www.hoteliaccarino.eu\/fr\/tour-de-sorrente-de-la-cote-du-sorrento\/#primaryimage\",\"url\":\"https:\/\/www.hoteliaccarino.eu\/fr\/wp-content\/uploads\/2023\/04\/sorrentobig.jpg\",\"contentUrl\":\"https:\/\/www.hoteliaccarino.eu\/fr\/wp-content\/uploads\/2023\/04\/sorrentobig.jpg\",\"width\":664,\"height\":208},{\"@type\":\"BreadcrumbList\",\"@id\":\"https:\/\/www.hoteliaccarino.eu\/fr\/tour-de-sorrente-de-la-cote-du-sorrento\/#breadcrumb\",\"itemListElement\":[{\"@type\":\"ListItem\",\"position\":1,\"name\":\"Home\",\"item\":\"https:\/\/www.hoteliaccarino.it\/it\/\"},{\"@type\":\"ListItem\",\"position\":2,\"name\":\"Tour de Sorrente FR\"}]},{\"@type\":\"WebSite\",\"@id\":\"https:\/\/www.hoteliaccarino.eu\/fr\/#website\",\"url\":\"https:\/\/www.hoteliaccarino.eu\/fr\/\",\"name\":\"Hotel Iaccarino\",\"description\":\"Hotel a Sorrento\",\"potentialAction\":[{\"@type\":\"SearchAction\",\"target\":{\"@type\":\"EntryPoint\",\"urlTemplate\":\"https:\/\/www.hoteliaccarino.eu\/fr\/?s={search_term_string}\"},\"query-input\":{\"@type\":\"PropertyValueSpecification\",\"valueRequired\":true,\"valueName\":\"search_term_string\"}}],\"inLanguage\":\"it-IT\"}]}<\/script>\n<!-- \/ Yoast SEO plugin. -->","yoast_head_json":{"title":"Tour de Sorrente H\u00f4tel Sant'Agata | H\u00f4tel Jaccarino | H\u00f4tel 4 \u00e9toiles","description":"Tour de Sorrente H\u00f4tel Sant'Agata | H\u00f4tel Jaccarino | H\u00f4tel 4 \u00e9toiles. L'h\u00f4tel propose d'incroyables visites de Sorrente.","robots":{"index":"index","follow":"follow","max-snippet":"max-snippet:-1","max-image-preview":"max-image-preview:large","max-video-preview":"max-video-preview:-1"},"canonical":"https:\/\/www.hoteliaccarino.eu\/fr\/tour-de-sorrente-de-la-cote-du-sorrento\/","og_locale":"it_IT","og_type":"article","og_title":"Tour de Sorrente H\u00f4tel Sant'Agata | H\u00f4tel Jaccarino | H\u00f4tel 4 \u00e9toiles","og_description":"Tour de Sorrente H\u00f4tel Sant'Agata | H\u00f4tel Jaccarino | H\u00f4tel 4 \u00e9toiles. L'h\u00f4tel propose d'incroyables visites de Sorrente.","og_url":"https:\/\/www.hoteliaccarino.eu\/fr\/tour-de-sorrente-de-la-cote-du-sorrento\/","og_site_name":"Hotel Iaccarino","article_modified_time":"2023-07-23T14:11:38+00:00","og_image":[{"width":664,"height":208,"url":"https:\/\/www.hoteliaccarino.eu\/fr\/wp-content\/uploads\/2023\/04\/sorrentobig.jpg","type":"image\/jpeg"}],"twitter_card":"summary_large_image","twitter_misc":{"Tempo di lettura stimato":"2 minuti"},"schema":{"@context":"https:\/\/schema.org","@graph":[{"@type":"WebPage","@id":"https:\/\/www.hoteliaccarino.eu\/fr\/tour-de-sorrente-de-la-cote-du-sorrento\/","url":"https:\/\/www.hoteliaccarino.eu\/fr\/tour-de-sorrente-de-la-cote-du-sorrento\/","name":"Tour de Sorrente H\u00f4tel Sant'Agata | H\u00f4tel Jaccarino | H\u00f4tel 4 \u00e9toiles","isPartOf":{"@id":"https:\/\/www.hoteliaccarino.eu\/fr\/#website"},"primaryImageOfPage":{"@id":"https:\/\/www.hoteliaccarino.eu\/fr\/tour-de-sorrente-de-la-cote-du-sorrento\/#primaryimage"},"image":{"@id":"https:\/\/www.hoteliaccarino.eu\/fr\/tour-de-sorrente-de-la-cote-du-sorrento\/#primaryimage"},"thumbnailUrl":"https:\/\/www.hoteliaccarino.eu\/fr\/wp-content\/uploads\/2023\/04\/sorrentobig.jpg","datePublished":"2023-07-23T14:10:28+00:00","dateModified":"2023-07-23T14:11:38+00:00","description":"Tour de Sorrente H\u00f4tel Sant'Agata | H\u00f4tel Jaccarino | H\u00f4tel 4 \u00e9toiles. L'h\u00f4tel propose d'incroyables visites de Sorrente.","breadcrumb":{"@id":"https:\/\/www.hoteliaccarino.eu\/fr\/tour-de-sorrente-de-la-cote-du-sorrento\/#breadcrumb"},"inLanguage":"it-IT","potentialAction":[{"@type":"ReadAction","target":["https:\/\/www.hoteliaccarino.eu\/fr\/tour-de-sorrente-de-la-cote-du-sorrento\/"]}]},{"@type":"ImageObject","inLanguage":"it-IT","@id":"https:\/\/www.hoteliaccarino.eu\/fr\/tour-de-sorrente-de-la-cote-du-sorrento\/#primaryimage","url":"https:\/\/www.hoteliaccarino.eu\/fr\/wp-content\/uploads\/2023\/04\/sorrentobig.jpg","contentUrl":"https:\/\/www.hoteliaccarino.eu\/fr\/wp-content\/uploads\/2023\/04\/sorrentobig.jpg","width":664,"height":208},{"@type":"BreadcrumbList","@id":"https:\/\/www.hoteliaccarino.eu\/fr\/tour-de-sorrente-de-la-cote-du-sorrento\/#breadcrumb","itemListElement":[{"@type":"ListItem","position":1,"name":"Home","item":"https:\/\/www.hoteliaccarino.it\/it\/"},{"@type":"ListItem","position":2,"name":"Tour de Sorrente FR"}]},{"@type":"WebSite","@id":"https:\/\/www.hoteliaccarino.eu\/fr\/#website","url":"https:\/\/www.hoteliaccarino.eu\/fr\/","name":"Hotel Iaccarino","description":"Hotel a Sorrento","potentialAction":[{"@type":"SearchAction","target":{"@type":"EntryPoint","urlTemplate":"https:\/\/www.hoteliaccarino.eu\/fr\/?s={search_term_string}"},"query-input":{"@type":"PropertyValueSpecification","valueRequired":true,"valueName":"search_term_string"}}],"inLanguage":"it-IT"}]}},"_links":{"self":[{"href":"https:\/\/www.hoteliaccarino.eu\/fr\/wp-json\/wp\/v2\/pages\/8565","targetHints":{"allow":["GET"]}}],"collection":[{"href":"https:\/\/www.hoteliaccarino.eu\/fr\/wp-json\/wp\/v2\/pages"}],"about":[{"href":"https:\/\/www.hoteliaccarino.eu\/fr\/wp-json\/wp\/v2\/types\/page"}],"author":[{"embeddable":true,"href":"https:\/\/www.hoteliaccarino.eu\/fr\/wp-json\/wp\/v2\/users\/1"}],"replies":[{"embeddable":true,"href":"https:\/\/www.hoteliaccarino.eu\/fr\/wp-json\/wp\/v2\/comments?post=8565"}],"version-history":[{"count":4,"href":"https:\/\/www.hoteliaccarino.eu\/fr\/wp-json\/wp\/v2\/pages\/8565\/revisions"}],"predecessor-version":[{"id":8569,"href":"https:\/\/www.hoteliaccarino.eu\/fr\/wp-json\/wp\/v2\/pages\/8565\/revisions\/8569"}],"wp:featuredmedia":[{"embeddable":true,"href":"https:\/\/www.hoteliaccarino.eu\/fr\/wp-json\/wp\/v2\/media\/8024"}],"wp:attachment":[{"href":"https:\/\/www.hoteliaccarino.eu\/fr\/wp-json\/wp\/v2\/media?parent=8565"}],"curies":[{"name":"wp","href":"https:\/\/api.w.org\/{rel}","templated":true}]}}